{"id":5622,"date":"2023-11-19T09:38:33","date_gmt":"2023-11-19T09:38:33","guid":{"rendered":"https:\/\/purepower-egypt.com\/%d8%b4%d8%b1%d9%88%d8%b7-%d8%a7%d9%84%d8%a7%d8%b3%d8%aa%d8%ae%d8%af%d8%a7%d9%85\/"},"modified":"2024-04-29T22:25:20","modified_gmt":"2024-04-29T22:25:20","slug":"terms-of-use","status":"publish","type":"page","link":"https:\/\/purepower-egypt.com\/fr\/terms-of-use\/","title":{"rendered":"\u0634\u0631\u0648\u0637 \u0627\u0644\u0627\u0633\u062a\u062e\u062f\u0627\u0645"},"content":{"rendered":"\t\t<div data-elementor-type=\"wp-page\" data-elementor-id=\"5622\" class=\"elementor elementor-5622 elementor-85\" data-elementor-post-type=\"page\">\n\t\t\t\t\t\t<section class=\"elementor-section elementor-top-section elementor-element elementor-element-6634f6c elementor-section-full_width elementor-section-height-min-height elementor-section-height-default elementor-section-items-middle\" data-id=\"6634f6c\" data-element_type=\"section\" data-e-type=\"section\" data-settings=\"{&quot;background_background&quot;:&quot;classic&quot;}\">\n\t\t\t\t\t\t\t<div class=\"elementor-background-overlay\"><\/div>\n\t\t\t\t\t\t\t<div class=\"elementor-container elementor-column-gap-default\">\n\t\t\t\t\t<div class=\"elementor-column elementor-col-100 elementor-top-column elementor-element elementor-element-2d78ca5\" data-id=\"2d78ca5\" data-element_type=\"column\" data-e-type=\"column\">\n\t\t\t<div class=\"elementor-widget-wrap elementor-element-populated\">\n\t\t\t\t\t\t<div class=\"elementor-element elementor-element-1c4a816 elementor-widget elementor-widget-heading\" data-id=\"1c4a816\" data-element_type=\"widget\" data-e-type=\"widget\" data-widget_type=\"heading.default\">\n\t\t\t\t<div class=\"elementor-widget-container\">\n\t\t\t\t\t<h2 class=\"elementor-heading-title elementor-size-default\">Conditions d'utilisation<\/h2>\t\t\t\t<\/div>\n\t\t\t\t<\/div>\n\t\t\t\t\t<\/div>\n\t\t<\/div>\n\t\t\t\t\t<\/div>\n\t\t<\/section>\n\t\t\t\t<section class=\"elementor-section elementor-top-section elementor-element elementor-element-20865508 elementor-section-boxed elementor-section-height-default elementor-section-height-default\" data-id=\"20865508\" data-element_type=\"section\" data-e-type=\"section\">\n\t\t\t\t\t\t<div class=\"elementor-container elementor-column-gap-default\">\n\t\t\t\t\t<div class=\"elementor-column elementor-col-100 elementor-top-column elementor-element elementor-element-398c0f94\" data-id=\"398c0f94\" data-element_type=\"column\" data-e-type=\"column\">\n\t\t\t<div class=\"elementor-widget-wrap elementor-element-populated\">\n\t\t\t\t\t\t<div class=\"elementor-element elementor-element-2c63ca35 elementor-widget elementor-widget-text-editor\" data-id=\"2c63ca35\" data-element_type=\"widget\" data-e-type=\"widget\" data-widget_type=\"text-editor.default\">\n\t\t\t\t<div class=\"elementor-widget-container\">\n\t\t\t\t\t\t\t\t\t<p>Visitez le site Pure Power! Nous rendons souvent visite \u00e0 vos amis avec notre famille. C&#8217;est ce qui nous convient, nous respectons les termes et conditions de notre site, qui reprennent toutes les conditions requises pour l&#8217;utilisation du site ainsi que des pages et pages associ\u00e9es.<\/p><p>Les mots utilis\u00e9s pour d\u00e9terminer les conditions de notre site et ses suivants :<\/p><p>De plus, le mot \u00ab nous \u00bb remplace le terme \u00ab pure power \u00bb, qui remplace le remplacement, et les mots \u00ab tu \u00bb ou \u00ab utilisateur \u00bb utiliseront d&#8217;autres usages pour le concevoir.<\/p><p>Prestations disponibles :<\/p><p>Nous l&#8217;utilisons pour vous fournir une source d&#8217;\u00e9nergie naturelle alternative, tr\u00e8s efficace et efficiente, pour prot\u00e9ger et pr\u00e9server l&#8217;environnement.<\/p><p>Accord et conditions d&#8217;utilisation\u00a0:<\/p><p>1- Pour l&#8217;utilisation de puissance pure sur le site, vous devez exprimer votre consentement et votre engagement \u00e0 respecter l&#8217;ensemble de nos conditions sp\u00e9cifiques.<\/p><p>2- Vous pouvez nous contacter via votre adresse e-mail ou via les annonces promotionnelles sur ce site.<\/p><p>Si l&#8217;utilisateur ne re\u00e7oit pas les communications, tout cela est acceptable pour nous et il peut choisir de ne pas recevoir les messages.<\/p><p>4- Vous accepterez notre site Web sur l&#8217;enregistrement automatique en raison de modifications majeures ou mineures sur ce compte sans pr\u00e9avis de responsabilit\u00e9 l\u00e9gale et sans avoir besoin d&#8217;utiliser un suppl\u00e9ment de cr\u00e9dit pour la partie utilisateur, au moment m\u00eame en difficult\u00e9. modification sur le site.<\/p><p>5- Nous ne pouvons pas les utiliser pour utiliser la puissance pure du site.<\/p><p>Le contenu des rassembles est con\u00e7u comme une propri\u00e9t\u00e9 exclusive et d&#8217;autres ont r\u00e9serv\u00e9 des services uniques sur notre site (le site est du pur pouvoir). Il est prot\u00e9g\u00e9 par l&#8217;auteur, les marques commerciales et autres propri\u00e9t\u00e9s intellectuelles et cr\u00e9atives.<\/p><p>En raison de la violation des conditions utilis\u00e9es dans l&#8217;ensemble de l&#8217;environnement, les mesures appliqu\u00e9es comprendront \u00e9galement la suppression et la suspension de votre utilisation de notre site jusqu&#8217;\u00e0 ce qu&#8217;il soit disponible pour tous nos utilisateurs.<\/p><p>Vous pouvez partager notre page sur votre blog personnel ou sur vos sites de r\u00e9seaux sociaux tels que Facebook, Twitter, etc., s&#8217;il existe certaines conditions et conditions de votre compte, mais cela doit \u00eatre fait sous certaines conditions. Votre page ne contient pas d&#8217;image ou de phrase sugg\u00e9rant que cette page est utilis\u00e9e par nous ou indiquant qu&#8217;elle contient une partie des pages avec un pouvoir pur. De plus, votre nom n\u2019inclut pas l\u2019expression puissance pure, et il n\u2019inclut pas l\u2019expression INTERSOLAR EGYPT en Angleterre.<\/p><p>Vous disposez d&#8217;une interface stricte avec laquelle cr\u00e9er un clavier qui contient notre nom dans l&#8217;une des autres langues, ou laisser entendre que c&#8217;est ce que nous faisons avec la m\u00eame langue.<\/p><p>En raison de la violation de ces droits, notre nouvel \u00e9quipement est \u00e9quip\u00e9 d&#8217;un cache, d\u00e9sactive notre compte et remplace de nouveaux exigences.<\/p><p>Les droits de propri\u00e9t\u00e9 intellectuelle en d\u00e9tail :<\/p><p>Toutes les informations, concepts, vid\u00e9os, images et textes pr\u00e9sents sur notre site nous sont exclusifs, et reprennent toutes les logiques, codes sources et tout ce qui est disponible sur notre site. Tous le contenu du site est prot\u00e9g\u00e9 par des fl\u00e8ches, conformes aux fl\u00e8ches de la R\u00e9publique Arabe d&#8217;Egypte et aux accords internationaux.<\/p><p>Donn\u00e9es utilisateur\/acheteur\u00a0:<\/p><p>Toutes les informations recueillies aupr\u00e8s de nos voyageurs sont r\u00e9serv\u00e9es, indiquez-nous la ville ou la province et utilisez notre politique de confidentialit\u00e9, mais il n&#8217;est pas possible de garder votre voiture en s\u00e9curit\u00e9 et votre vie priv\u00e9e est notre priorit\u00e9, et c&#8217;est une politique d&#8217;utilisateur. le site n\u2019est accessible par aucun don personnel.<\/p><p>Arbitrage:<\/p><p>En cas de conflits, de divergences ou de situations de blocage dans la suite d&#8217;installation et dans de mauvaises conditions, ils provoquent des probl\u00e8mes et des tranches d\u00e9finitives par arbitrage, via Internet. Arbitre con\u00e7u conform\u00e9ment aux r\u00e8gles du Centre R\u00e9gional du Caire pour l&#8217;arbitrage commercial international. L&#8217;organisation fait cela \u00e0 une personne compatible avec elle, ayant une exp\u00e9rience dans le domaine des technologies de l&#8217;information et associ\u00e9e aux parties contractantes.<\/p><p>Il est n\u00e9cessaire que l&#8217;arbitrage soit national, et que la langue utilis\u00e9e dans les proc\u00e9dures d&#8217;arbitrage en Angleterre, et l&#8217;exactitude de l&#8217;arbitrage soient d\u00e9finitives et contre-indiqu\u00e9es, susceptibles de transmission \u00e0 n&#8217;importe quel nouveau compte et appliqu\u00e9 la conformit\u00e9 au toit de l&#8217;a\u00e9roport le 27 novembre 1994. Veuillez noter que les responsabilit\u00e9s du site sont de r\u00e9server les informations n\u00e9cessaires \u00e0 la protection des informations sur les renseignements exclusifs et des informations confidentielles \u00e0 travers les donn\u00e9es de la justice ou des ordonnances fournies par les tribunaux comp\u00e9tents.<\/p><p>Droit en vigueur et organes judiciaires\u00a0:<\/p><p>Ces conditions et modalit\u00e9s incluent les interfaces et applications sur ces versions.<\/p>\t\t\t\t\t\t\t\t<\/div>\n\t\t\t\t<\/div>\n\t\t\t\t\t<\/div>\n\t\t<\/div>\n\t\t\t\t\t<\/div>\n\t\t<\/section>\n\t\t\t\t<\/div>\n\t\t","protected":false},"excerpt":{"rendered":"<p>Conditions d&#8217;utilisation Visitez le site Pure Power! Nous rendons souvent visite \u00e0 vos amis avec notre famille. C&#8217;est ce qui nous convient, nous respectons les termes et conditions de notre site, qui reprennent toutes les conditions requises pour l&#8217;utilisation du site ainsi que des pages et pages associ\u00e9es. Les mots utilis\u00e9s pour d\u00e9terminer les conditions [&hellip;]<\/p>\n","protected":false},"author":1,"featured_media":8374,"parent":0,"menu_order":0,"comment_status":"closed","ping_status":"closed","template":"","meta":{"nf_dc_page":"","footnotes":""},"class_list":["post-5622","page","type-page","status-publish","has-post-thumbnail","hentry"],"yoast_head":"<!-- This site is optimized with the Yoast SEO plugin v27.4 - https:\/\/yoast.com\/product\/yoast-seo-wordpress\/ -->\n<title>\u0634\u0631\u0648\u0637 \u0627\u0644\u0627\u0633\u062a\u062e\u062f\u0627\u0645 - Pure Power<\/title>\n<meta name=\"description\" content=\"Lisez les conditions d&#039;utilisation de Pure Power et prot\u00e9gez vos informations et vos droits. Nous nous engageons \u00e0 fournir nos services avec les plus hauts standards de qualit\u00e9 et de transparence pour une exp\u00e9rience agr\u00e9able et s\u00fbre pour tous nos clients.\" \/>\n<meta name=\"robots\" content=\"index, follow, max-snippet:-1, max-image-preview:large, max-video-preview:-1\" \/>\n<link rel=\"canonical\" href=\"https:\/\/purepower-egypt.com\/fr\/terms-of-use\/\" \/>\n<meta property=\"og:locale\" content=\"fr_FR\" \/>\n<meta property=\"og:type\" content=\"article\" \/>\n<meta property=\"og:title\" content=\"\u0634\u0631\u0648\u0637 \u0627\u0644\u0627\u0633\u062a\u062e\u062f\u0627\u0645 - Pure Power\" \/>\n<meta property=\"og:description\" content=\"Lisez les conditions d&#039;utilisation de Pure Power et prot\u00e9gez vos informations et vos droits. Nous nous engageons \u00e0 fournir nos services avec les plus hauts standards de qualit\u00e9 et de transparence pour une exp\u00e9rience agr\u00e9able et s\u00fbre pour tous nos clients.\" \/>\n<meta property=\"og:url\" content=\"https:\/\/purepower-egypt.com\/fr\/terms-of-use\/\" \/>\n<meta property=\"og:site_name\" content=\"Pure Power\" \/>\n<meta property=\"article:modified_time\" content=\"2024-04-29T22:25:20+00:00\" \/>\n<meta property=\"og:image\" content=\"https:\/\/purepower-egypt.com\/wp-content\/uploads\/2024\/04\/\u0634\u0631\u0643\u0629-\u0628\u064a\u0648\u0631-\u0628\u0627\u0648\u0631-\u0644\u062d\u0644\u0648\u0644-\u0627\u0644\u0637\u0627\u0642\u0629-\u0627\u0644\u0634\u0645\u0633\u064a\u0629.jpg\" \/>\n\t<meta property=\"og:image:width\" content=\"1000\" \/>\n\t<meta property=\"og:image:height\" content=\"1000\" \/>\n\t<meta property=\"og:image:type\" content=\"image\/jpeg\" \/>\n<meta name=\"twitter:card\" content=\"summary_large_image\" \/>\n<meta name=\"twitter:label1\" content=\"Dur\u00e9e de lecture estim\u00e9e\" \/>\n\t<meta name=\"twitter:data1\" content=\"6 minutes\" \/>\n<script type=\"application\/ld+json\" class=\"yoast-schema-graph\">{\"@context\":\"https:\\\/\\\/schema.org\",\"@graph\":[{\"@type\":\"WebPage\",\"@id\":\"https:\\\/\\\/purepower-egypt.com\\\/fr\\\/terms-of-use\\\/\",\"url\":\"https:\\\/\\\/purepower-egypt.com\\\/fr\\\/terms-of-use\\\/\",\"name\":\"\u0634\u0631\u0648\u0637 \u0627\u0644\u0627\u0633\u062a\u062e\u062f\u0627\u0645 - Pure Power\",\"isPartOf\":{\"@id\":\"https:\\\/\\\/purepower-egypt.com\\\/fr\\\/#website\"},\"primaryImageOfPage\":{\"@id\":\"https:\\\/\\\/purepower-egypt.com\\\/fr\\\/terms-of-use\\\/#primaryimage\"},\"image\":{\"@id\":\"https:\\\/\\\/purepower-egypt.com\\\/fr\\\/terms-of-use\\\/#primaryimage\"},\"thumbnailUrl\":\"https:\\\/\\\/purepower-egypt.com\\\/wp-content\\\/uploads\\\/2024\\\/04\\\/\u0634\u0631\u0643\u0629-\u0628\u064a\u0648\u0631-\u0628\u0627\u0648\u0631-\u0644\u062d\u0644\u0648\u0644-\u0627\u0644\u0637\u0627\u0642\u0629-\u0627\u0644\u0634\u0645\u0633\u064a\u0629.jpg\",\"datePublished\":\"2023-11-19T09:38:33+00:00\",\"dateModified\":\"2024-04-29T22:25:20+00:00\",\"description\":\"Lisez les conditions d'utilisation de Pure Power et prot\u00e9gez vos informations et vos droits. Nous nous engageons \u00e0 fournir nos services avec les plus hauts standards de qualit\u00e9 et de transparence pour une exp\u00e9rience agr\u00e9able et s\u00fbre pour tous nos clients.\",\"breadcrumb\":{\"@id\":\"https:\\\/\\\/purepower-egypt.com\\\/fr\\\/terms-of-use\\\/#breadcrumb\"},\"inLanguage\":\"fr-FR\",\"potentialAction\":[{\"@type\":\"ReadAction\",\"target\":[\"https:\\\/\\\/purepower-egypt.com\\\/fr\\\/terms-of-use\\\/\"]}]},{\"@type\":\"ImageObject\",\"inLanguage\":\"fr-FR\",\"@id\":\"https:\\\/\\\/purepower-egypt.com\\\/fr\\\/terms-of-use\\\/#primaryimage\",\"url\":\"https:\\\/\\\/purepower-egypt.com\\\/wp-content\\\/uploads\\\/2024\\\/04\\\/\u0634\u0631\u0643\u0629-\u0628\u064a\u0648\u0631-\u0628\u0627\u0648\u0631-\u0644\u062d\u0644\u0648\u0644-\u0627\u0644\u0637\u0627\u0642\u0629-\u0627\u0644\u0634\u0645\u0633\u064a\u0629.jpg\",\"contentUrl\":\"https:\\\/\\\/purepower-egypt.com\\\/wp-content\\\/uploads\\\/2024\\\/04\\\/\u0634\u0631\u0643\u0629-\u0628\u064a\u0648\u0631-\u0628\u0627\u0648\u0631-\u0644\u062d\u0644\u0648\u0644-\u0627\u0644\u0637\u0627\u0642\u0629-\u0627\u0644\u0634\u0645\u0633\u064a\u0629.jpg\",\"width\":1000,\"height\":1000,\"caption\":\"\u0634\u0631\u0643\u0629 \u0628\u064a\u0648\u0631 \u0628\u0627\u0648\u0631 \u0644\u062d\u0644\u0648\u0644 \u0627\u0644\u0637\u0627\u0642\u0629 \u0627\u0644\u0634\u0645\u0633\u064a\u0629\"},{\"@type\":\"BreadcrumbList\",\"@id\":\"https:\\\/\\\/purepower-egypt.com\\\/fr\\\/terms-of-use\\\/#breadcrumb\",\"itemListElement\":[{\"@type\":\"ListItem\",\"position\":1,\"name\":\"\u0627\u0644\u0631\u0626\u064a\u0633\u064a\u0629\",\"item\":\"https:\\\/\\\/purepower-egypt.com\\\/fr\\\/\"},{\"@type\":\"ListItem\",\"position\":2,\"name\":\"\u0634\u0631\u0648\u0637 \u0627\u0644\u0627\u0633\u062a\u062e\u062f\u0627\u0645\"}]},{\"@type\":\"WebSite\",\"@id\":\"https:\\\/\\\/purepower-egypt.com\\\/fr\\\/#website\",\"url\":\"https:\\\/\\\/purepower-egypt.com\\\/fr\\\/\",\"name\":\"Pure Power\",\"description\":\"\u0628\u064a\u0648\u0631 \u0628\u0627\u0648\u0631 \u0634\u0631\u0643\u0629 \u0631\u0627\u0626\u062f\u0629 \u0641\u064a \u0645\u062c\u0627\u0644 \u0627\u0644\u0637\u0627\u0642\u0629 \u0627\u0644\u0634\u0645\u0633\u064a\u0629 \u0627\u0644\u0645\u0628\u062a\u0643\u0631\u0629 \u0645\u0646\u0630 \u0627\u0643\u062b\u0631 \u0645\u0646 \u0661\u0660 \u0633\u0646\u0648\u0627\u062a\",\"publisher\":{\"@id\":\"https:\\\/\\\/purepower-egypt.com\\\/fr\\\/#organization\"},\"potentialAction\":[{\"@type\":\"SearchAction\",\"target\":{\"@type\":\"EntryPoint\",\"urlTemplate\":\"https:\\\/\\\/purepower-egypt.com\\\/fr\\\/?s={search_term_string}\"},\"query-input\":{\"@type\":\"PropertyValueSpecification\",\"valueRequired\":true,\"valueName\":\"search_term_string\"}}],\"inLanguage\":\"fr-FR\"},{\"@type\":\"Organization\",\"@id\":\"https:\\\/\\\/purepower-egypt.com\\\/fr\\\/#organization\",\"name\":\"Pure Power\",\"url\":\"https:\\\/\\\/purepower-egypt.com\\\/fr\\\/\",\"logo\":{\"@type\":\"ImageObject\",\"inLanguage\":\"fr-FR\",\"@id\":\"https:\\\/\\\/purepower-egypt.com\\\/fr\\\/#\\\/schema\\\/logo\\\/image\\\/\",\"url\":\"https:\\\/\\\/purepower-egypt.com\\\/\\\/wp-content\\\/uploads\\\/2024\\\/04\\\/\u0634\u0631\u0643\u0629-\u0628\u064a\u0648\u0631-\u0628\u0627\u0648\u0631-\u0644\u062d\u0644\u0648\u0644-\u0627\u0644\u0637\u0627\u0642\u0629-\u0627\u0644\u0634\u0645\u0633\u064a\u0629.jpg\",\"contentUrl\":\"https:\\\/\\\/purepower-egypt.com\\\/\\\/wp-content\\\/uploads\\\/2024\\\/04\\\/\u0634\u0631\u0643\u0629-\u0628\u064a\u0648\u0631-\u0628\u0627\u0648\u0631-\u0644\u062d\u0644\u0648\u0644-\u0627\u0644\u0637\u0627\u0642\u0629-\u0627\u0644\u0634\u0645\u0633\u064a\u0629.jpg\",\"width\":1000,\"height\":1000,\"caption\":\"Pure Power\"},\"image\":{\"@id\":\"https:\\\/\\\/purepower-egypt.com\\\/fr\\\/#\\\/schema\\\/logo\\\/image\\\/\"}}]}<\/script>\n<!-- \/ Yoast SEO plugin. -->","yoast_head_json":{"title":"\u0634\u0631\u0648\u0637 \u0627\u0644\u0627\u0633\u062a\u062e\u062f\u0627\u0645 - Pure Power","description":"Lisez les conditions d'utilisation de Pure Power et prot\u00e9gez vos informations et vos droits. Nous nous engageons \u00e0 fournir nos services avec les plus hauts standards de qualit\u00e9 et de transparence pour une exp\u00e9rience agr\u00e9able et s\u00fbre pour tous nos clients.","robots":{"index":"index","follow":"follow","max-snippet":"max-snippet:-1","max-image-preview":"max-image-preview:large","max-video-preview":"max-video-preview:-1"},"canonical":"https:\/\/purepower-egypt.com\/fr\/terms-of-use\/","og_locale":"fr_FR","og_type":"article","og_title":"\u0634\u0631\u0648\u0637 \u0627\u0644\u0627\u0633\u062a\u062e\u062f\u0627\u0645 - Pure Power","og_description":"Lisez les conditions d'utilisation de Pure Power et prot\u00e9gez vos informations et vos droits. Nous nous engageons \u00e0 fournir nos services avec les plus hauts standards de qualit\u00e9 et de transparence pour une exp\u00e9rience agr\u00e9able et s\u00fbre pour tous nos clients.","og_url":"https:\/\/purepower-egypt.com\/fr\/terms-of-use\/","og_site_name":"Pure Power","article_modified_time":"2024-04-29T22:25:20+00:00","og_image":[{"width":1000,"height":1000,"url":"https:\/\/purepower-egypt.com\/wp-content\/uploads\/2024\/04\/\u0634\u0631\u0643\u0629-\u0628\u064a\u0648\u0631-\u0628\u0627\u0648\u0631-\u0644\u062d\u0644\u0648\u0644-\u0627\u0644\u0637\u0627\u0642\u0629-\u0627\u0644\u0634\u0645\u0633\u064a\u0629.jpg","type":"image\/jpeg"}],"twitter_card":"summary_large_image","twitter_misc":{"Dur\u00e9e de lecture estim\u00e9e":"6 minutes"},"schema":{"@context":"https:\/\/schema.org","@graph":[{"@type":"WebPage","@id":"https:\/\/purepower-egypt.com\/fr\/terms-of-use\/","url":"https:\/\/purepower-egypt.com\/fr\/terms-of-use\/","name":"\u0634\u0631\u0648\u0637 \u0627\u0644\u0627\u0633\u062a\u062e\u062f\u0627\u0645 - Pure Power","isPartOf":{"@id":"https:\/\/purepower-egypt.com\/fr\/#website"},"primaryImageOfPage":{"@id":"https:\/\/purepower-egypt.com\/fr\/terms-of-use\/#primaryimage"},"image":{"@id":"https:\/\/purepower-egypt.com\/fr\/terms-of-use\/#primaryimage"},"thumbnailUrl":"https:\/\/purepower-egypt.com\/wp-content\/uploads\/2024\/04\/\u0634\u0631\u0643\u0629-\u0628\u064a\u0648\u0631-\u0628\u0627\u0648\u0631-\u0644\u062d\u0644\u0648\u0644-\u0627\u0644\u0637\u0627\u0642\u0629-\u0627\u0644\u0634\u0645\u0633\u064a\u0629.jpg","datePublished":"2023-11-19T09:38:33+00:00","dateModified":"2024-04-29T22:25:20+00:00","description":"Lisez les conditions d'utilisation de Pure Power et prot\u00e9gez vos informations et vos droits. Nous nous engageons \u00e0 fournir nos services avec les plus hauts standards de qualit\u00e9 et de transparence pour une exp\u00e9rience agr\u00e9able et s\u00fbre pour tous nos clients.","breadcrumb":{"@id":"https:\/\/purepower-egypt.com\/fr\/terms-of-use\/#breadcrumb"},"inLanguage":"fr-FR","potentialAction":[{"@type":"ReadAction","target":["https:\/\/purepower-egypt.com\/fr\/terms-of-use\/"]}]},{"@type":"ImageObject","inLanguage":"fr-FR","@id":"https:\/\/purepower-egypt.com\/fr\/terms-of-use\/#primaryimage","url":"https:\/\/purepower-egypt.com\/wp-content\/uploads\/2024\/04\/\u0634\u0631\u0643\u0629-\u0628\u064a\u0648\u0631-\u0628\u0627\u0648\u0631-\u0644\u062d\u0644\u0648\u0644-\u0627\u0644\u0637\u0627\u0642\u0629-\u0627\u0644\u0634\u0645\u0633\u064a\u0629.jpg","contentUrl":"https:\/\/purepower-egypt.com\/wp-content\/uploads\/2024\/04\/\u0634\u0631\u0643\u0629-\u0628\u064a\u0648\u0631-\u0628\u0627\u0648\u0631-\u0644\u062d\u0644\u0648\u0644-\u0627\u0644\u0637\u0627\u0642\u0629-\u0627\u0644\u0634\u0645\u0633\u064a\u0629.jpg","width":1000,"height":1000,"caption":"\u0634\u0631\u0643\u0629 \u0628\u064a\u0648\u0631 \u0628\u0627\u0648\u0631 \u0644\u062d\u0644\u0648\u0644 \u0627\u0644\u0637\u0627\u0642\u0629 \u0627\u0644\u0634\u0645\u0633\u064a\u0629"},{"@type":"BreadcrumbList","@id":"https:\/\/purepower-egypt.com\/fr\/terms-of-use\/#breadcrumb","itemListElement":[{"@type":"ListItem","position":1,"name":"\u0627\u0644\u0631\u0626\u064a\u0633\u064a\u0629","item":"https:\/\/purepower-egypt.com\/fr\/"},{"@type":"ListItem","position":2,"name":"\u0634\u0631\u0648\u0637 \u0627\u0644\u0627\u0633\u062a\u062e\u062f\u0627\u0645"}]},{"@type":"WebSite","@id":"https:\/\/purepower-egypt.com\/fr\/#website","url":"https:\/\/purepower-egypt.com\/fr\/","name":"Pure Power","description":"\u0628\u064a\u0648\u0631 \u0628\u0627\u0648\u0631 \u0634\u0631\u0643\u0629 \u0631\u0627\u0626\u062f\u0629 \u0641\u064a \u0645\u062c\u0627\u0644 \u0627\u0644\u0637\u0627\u0642\u0629 \u0627\u0644\u0634\u0645\u0633\u064a\u0629 \u0627\u0644\u0645\u0628\u062a\u0643\u0631\u0629 \u0645\u0646\u0630 \u0627\u0643\u062b\u0631 \u0645\u0646 \u0661\u0660 \u0633\u0646\u0648\u0627\u062a","publisher":{"@id":"https:\/\/purepower-egypt.com\/fr\/#organization"},"potentialAction":[{"@type":"SearchAction","target":{"@type":"EntryPoint","urlTemplate":"https:\/\/purepower-egypt.com\/fr\/?s={search_term_string}"},"query-input":{"@type":"PropertyValueSpecification","valueRequired":true,"valueName":"search_term_string"}}],"inLanguage":"fr-FR"},{"@type":"Organization","@id":"https:\/\/purepower-egypt.com\/fr\/#organization","name":"Pure Power","url":"https:\/\/purepower-egypt.com\/fr\/","logo":{"@type":"ImageObject","inLanguage":"fr-FR","@id":"https:\/\/purepower-egypt.com\/fr\/#\/schema\/logo\/image\/","url":"https:\/\/purepower-egypt.com\/\/wp-content\/uploads\/2024\/04\/\u0634\u0631\u0643\u0629-\u0628\u064a\u0648\u0631-\u0628\u0627\u0648\u0631-\u0644\u062d\u0644\u0648\u0644-\u0627\u0644\u0637\u0627\u0642\u0629-\u0627\u0644\u0634\u0645\u0633\u064a\u0629.jpg","contentUrl":"https:\/\/purepower-egypt.com\/\/wp-content\/uploads\/2024\/04\/\u0634\u0631\u0643\u0629-\u0628\u064a\u0648\u0631-\u0628\u0627\u0648\u0631-\u0644\u062d\u0644\u0648\u0644-\u0627\u0644\u0637\u0627\u0642\u0629-\u0627\u0644\u0634\u0645\u0633\u064a\u0629.jpg","width":1000,"height":1000,"caption":"Pure Power"},"image":{"@id":"https:\/\/purepower-egypt.com\/fr\/#\/schema\/logo\/image\/"}}]}},"_links":{"self":[{"href":"https:\/\/purepower-egypt.com\/fr\/wp-json\/wp\/v2\/pages\/5622","targetHints":{"allow":["GET"]}}],"collection":[{"href":"https:\/\/purepower-egypt.com\/fr\/wp-json\/wp\/v2\/pages"}],"about":[{"href":"https:\/\/purepower-egypt.com\/fr\/wp-json\/wp\/v2\/types\/page"}],"author":[{"embeddable":true,"href":"https:\/\/purepower-egypt.com\/fr\/wp-json\/wp\/v2\/users\/1"}],"replies":[{"embeddable":true,"href":"https:\/\/purepower-egypt.com\/fr\/wp-json\/wp\/v2\/comments?post=5622"}],"version-history":[{"count":0,"href":"https:\/\/purepower-egypt.com\/fr\/wp-json\/wp\/v2\/pages\/5622\/revisions"}],"wp:featuredmedia":[{"embeddable":true,"href":"https:\/\/purepower-egypt.com\/fr\/wp-json\/wp\/v2\/media\/8374"}],"wp:attachment":[{"href":"https:\/\/purepower-egypt.com\/fr\/wp-json\/wp\/v2\/media?parent=5622"}],"curies":[{"name":"wp","href":"https:\/\/api.w.org\/{rel}","templated":true}]}}