{"id":4615,"date":"2023-11-19T18:27:10","date_gmt":"2023-11-19T18:27:10","guid":{"rendered":"https:\/\/purepower-egypt.com\/battery\/"},"modified":"2024-04-29T20:26:30","modified_gmt":"2024-04-29T20:26:30","slug":"battery","status":"publish","type":"page","link":"https:\/\/purepower-egypt.com\/fr\/battery\/","title":{"rendered":"Battery"},"content":{"rendered":"\t\t<div data-elementor-type=\"wp-page\" data-elementor-id=\"4615\" class=\"elementor elementor-4615 elementor-234\" data-elementor-post-type=\"page\">\n\t\t\t\t\t\t<section class=\"elementor-section elementor-top-section elementor-element elementor-element-50d9b2e elementor-section-boxed elementor-section-height-default elementor-section-height-default\" data-id=\"50d9b2e\" data-element_type=\"section\" data-e-type=\"section\">\n\t\t\t\t\t\t<div class=\"elementor-container elementor-column-gap-default\">\n\t\t\t\t\t<div class=\"elementor-column elementor-col-50 elementor-top-column elementor-element elementor-element-b57da59\" data-id=\"b57da59\" data-element_type=\"column\" data-e-type=\"column\">\n\t\t\t<div class=\"elementor-widget-wrap elementor-element-populated\">\n\t\t\t\t\t\t<div class=\"elementor-element elementor-element-a31c9e8 elementor-widget elementor-widget-heading\" data-id=\"a31c9e8\" data-element_type=\"widget\" data-e-type=\"widget\" data-widget_type=\"heading.default\">\n\t\t\t\t<div class=\"elementor-widget-container\">\n\t\t\t\t\t<h2 class=\"elementor-heading-title elementor-size-default\">GEL200-12 12V200AH\n<\/h2>\t\t\t\t<\/div>\n\t\t\t\t<\/div>\n\t\t\t\t<div class=\"elementor-element elementor-element-b559ab4 elementor-widget elementor-widget-text-editor\" data-id=\"b559ab4\" data-element_type=\"widget\" data-e-type=\"widget\" data-widget_type=\"text-editor.default\">\n\t\t\t\t<div class=\"elementor-widget-container\">\n\t\t\t\t\t\t\t\t\t<div class=\"share1 fix\"><div class=\"l span4\">GE200-12 fait partie de la s\u00e9rie de batteries GEL, qui a \u00e9t\u00e9 sp\u00e9cifiquement con\u00e7ue pour les syst\u00e8mes d&#8217;\u00e9nergie solaire et de secours.<\/div><\/div>\t\t\t\t\t\t\t\t<\/div>\n\t\t\t\t<\/div>\n\t\t\t\t\t<\/div>\n\t\t<\/div>\n\t\t\t\t<div class=\"elementor-column elementor-col-50 elementor-top-column elementor-element elementor-element-7985dad\" data-id=\"7985dad\" data-element_type=\"column\" data-e-type=\"column\">\n\t\t\t<div class=\"elementor-widget-wrap elementor-element-populated\">\n\t\t\t\t\t\t<div class=\"elementor-element elementor-element-0831e98 elementor-widget elementor-widget-image\" data-id=\"0831e98\" data-element_type=\"widget\" data-e-type=\"widget\" data-widget_type=\"image.default\">\n\t\t\t\t<div class=\"elementor-widget-container\">\n\t\t\t\t\t\t\t\t\t\t\t\t\t\t\t<img loading=\"lazy\" decoding=\"async\" loading=\"lazy\" width=\"800\" height=\"800\" src=\"https:\/\/purepower-egypt.com\/wp-content\/uploads\/2023\/11\/GE-12V200AH-11.webp\" class=\"attachment-large size-large wp-image-4617\" alt=\"Battery\" srcset=\"https:\/\/purepower-egypt.com\/wp-content\/uploads\/2023\/11\/GE-12V200AH-11.webp 800w, https:\/\/purepower-egypt.com\/wp-content\/uploads\/2023\/11\/GE-12V200AH-11-300x300.webp 300w, https:\/\/purepower-egypt.com\/wp-content\/uploads\/2023\/11\/GE-12V200AH-11-150x150.webp 150w, https:\/\/purepower-egypt.com\/wp-content\/uploads\/2023\/11\/GE-12V200AH-11-768x768.webp 768w\" sizes=\"auto, (max-width: 800px) 100vw, 800px\" \/>\t\t\t\t\t\t\t\t\t\t\t\t\t\t\t<\/div>\n\t\t\t\t<\/div>\n\t\t\t\t\t<\/div>\n\t\t<\/div>\n\t\t\t\t\t<\/div>\n\t\t<\/section>\n\t\t\t\t<section class=\"elementor-section elementor-top-section elementor-element elementor-element-e43087c elementor-section-boxed elementor-section-height-default elementor-section-height-default\" data-id=\"e43087c\" data-element_type=\"section\" data-e-type=\"section\">\n\t\t\t\t\t\t<div class=\"elementor-container elementor-column-gap-default\">\n\t\t\t\t\t<div class=\"elementor-column elementor-col-50 elementor-top-column elementor-element elementor-element-a2b60b7\" data-id=\"a2b60b7\" data-element_type=\"column\" data-e-type=\"column\">\n\t\t\t<div class=\"elementor-widget-wrap elementor-element-populated\">\n\t\t\t\t\t\t<div class=\"elementor-element elementor-element-45a8e40 elementor-widget elementor-widget-heading\" data-id=\"45a8e40\" data-element_type=\"widget\" data-e-type=\"widget\" data-widget_type=\"heading.default\">\n\t\t\t\t<div class=\"elementor-widget-container\">\n\t\t\t\t\t<h2 class=\"elementor-heading-title elementor-size-default\">GEL150-12 12V150AH\n<\/h2>\t\t\t\t<\/div>\n\t\t\t\t<\/div>\n\t\t\t\t<div class=\"elementor-element elementor-element-65b46b0 elementor-widget elementor-widget-text-editor\" data-id=\"65b46b0\" data-element_type=\"widget\" data-e-type=\"widget\" data-widget_type=\"text-editor.default\">\n\t\t\t\t<div class=\"elementor-widget-container\">\n\t\t\t\t\t\t\t\t\t<div class=\"share1 fix\"><div class=\"l span4\"><div class=\"elementor-element elementor-element-c125bee elementor-widget elementor-widget-woocommerce-product-short-description\" data-id=\"c125bee\" data-element_type=\"widget\" data-widget_type=\"woocommerce-product-short-description.default\"><div class=\"elementor-widget-container\"><div class=\"woocommerce-product-details__short-description\"><p>La batterie de la s\u00e9rie JYC GEL est fabriqu\u00e9e avec des s\u00e9parateurs sp\u00e9ciaux et du gel de silice qui immobilise l&#8217;\u00e9lectrolyte \u00e0 l&#8217;int\u00e9rieur de la batterie. La technologie \u00e9prouv\u00e9e du gel de silice peut am\u00e9liorer la dur\u00e9e de vie de la batterie et ses performances dans une plage de temp\u00e9rature plus large. La dur\u00e9e de vie du cycle de d\u00e9charge profonde est augment\u00e9e de 50% par rapport \u00e0 la batterie de la s\u00e9rie JYC GP.<\/p><\/div><\/div><\/div><\/div><\/div>\t\t\t\t\t\t\t\t<\/div>\n\t\t\t\t<\/div>\n\t\t\t\t\t<\/div>\n\t\t<\/div>\n\t\t\t\t<div class=\"elementor-column elementor-col-50 elementor-top-column elementor-element elementor-element-869f2b4\" data-id=\"869f2b4\" data-element_type=\"column\" data-e-type=\"column\">\n\t\t\t<div class=\"elementor-widget-wrap elementor-element-populated\">\n\t\t\t\t\t\t<div class=\"elementor-element elementor-element-ff4a683 elementor-widget elementor-widget-image\" data-id=\"ff4a683\" data-element_type=\"widget\" data-e-type=\"widget\" data-widget_type=\"image.default\">\n\t\t\t\t<div class=\"elementor-widget-container\">\n\t\t\t\t\t\t\t\t\t\t\t\t\t\t\t<img loading=\"lazy\" decoding=\"async\" loading=\"lazy\" width=\"800\" height=\"800\" src=\"https:\/\/purepower-egypt.com\/wp-content\/uploads\/2023\/11\/GE-12V150AH-22.webp\" class=\"attachment-large size-large wp-image-4618\" alt=\"Battery\" srcset=\"https:\/\/purepower-egypt.com\/wp-content\/uploads\/2023\/11\/GE-12V150AH-22.webp 800w, https:\/\/purepower-egypt.com\/wp-content\/uploads\/2023\/11\/GE-12V150AH-22-300x300.webp 300w, https:\/\/purepower-egypt.com\/wp-content\/uploads\/2023\/11\/GE-12V150AH-22-150x150.webp 150w, https:\/\/purepower-egypt.com\/wp-content\/uploads\/2023\/11\/GE-12V150AH-22-768x768.webp 768w\" sizes=\"auto, (max-width: 800px) 100vw, 800px\" \/>\t\t\t\t\t\t\t\t\t\t\t\t\t\t\t<\/div>\n\t\t\t\t<\/div>\n\t\t\t\t\t<\/div>\n\t\t<\/div>\n\t\t\t\t\t<\/div>\n\t\t<\/section>\n\t\t\t\t<section class=\"elementor-section elementor-top-section elementor-element elementor-element-8fd4bda elementor-section-boxed elementor-section-height-default elementor-section-height-default\" data-id=\"8fd4bda\" data-element_type=\"section\" data-e-type=\"section\">\n\t\t\t\t\t\t<div class=\"elementor-container elementor-column-gap-default\">\n\t\t\t\t\t<div class=\"elementor-column elementor-col-50 elementor-top-column elementor-element elementor-element-bfadf46\" data-id=\"bfadf46\" data-element_type=\"column\" data-e-type=\"column\">\n\t\t\t<div class=\"elementor-widget-wrap elementor-element-populated\">\n\t\t\t\t\t\t<div class=\"elementor-element elementor-element-7a0fc89 elementor-widget elementor-widget-heading\" data-id=\"7a0fc89\" data-element_type=\"widget\" data-e-type=\"widget\" data-widget_type=\"heading.default\">\n\t\t\t\t<div class=\"elementor-widget-container\">\n\t\t\t\t\t<h2 class=\"elementor-heading-title elementor-size-default\">GEL100-2 12V100AH\n<\/h2>\t\t\t\t<\/div>\n\t\t\t\t<\/div>\n\t\t\t\t<div class=\"elementor-element elementor-element-fdf1c27 elementor-widget elementor-widget-text-editor\" data-id=\"fdf1c27\" data-element_type=\"widget\" data-e-type=\"widget\" data-widget_type=\"text-editor.default\">\n\t\t\t\t<div class=\"elementor-widget-container\">\n\t\t\t\t\t\t\t\t\t<div class=\"share1 fix\"><div class=\"l span4\"><div class=\"elementor-element elementor-element-c125bee elementor-widget elementor-widget-woocommerce-product-short-description\" data-id=\"c125bee\" data-element_type=\"widget\" data-widget_type=\"woocommerce-product-short-description.default\"><div class=\"elementor-widget-container\"><div class=\"woocommerce-product-details__short-description\"><div class=\"elementor-element elementor-element-c125bee elementor-widget elementor-widget-woocommerce-product-short-description\" data-id=\"c125bee\" data-element_type=\"widget\" data-widget_type=\"woocommerce-product-short-description.default\"><div class=\"elementor-widget-container\"><div class=\"woocommerce-product-details__short-description\"><p>La batterie de la s\u00e9rie JYC GEL est fabriqu\u00e9e avec des s\u00e9parateurs sp\u00e9ciaux et du gel de silice immobilisant l&#8217;\u00e9lectrolyte \u00e0 l&#8217;int\u00e9rieur de la batterie. La technologie prouv\u00e9e du gel de silice permet d&#8217;am\u00e9liorer la dur\u00e9e de vie de la batterie et ses performances sur une plage de temp\u00e9ratures plus large. La dur\u00e9e de vie des cycles de d\u00e9charge profonde est augment\u00e9e de 50% par rapport \u00e0 la batterie de la s\u00e9rie JYC GP.<\/p><p>\u00a0<\/p><\/div><\/div><\/div><\/div><\/div><\/div><\/div><\/div>\t\t\t\t\t\t\t\t<\/div>\n\t\t\t\t<\/div>\n\t\t\t\t\t<\/div>\n\t\t<\/div>\n\t\t\t\t<div class=\"elementor-column elementor-col-50 elementor-top-column elementor-element elementor-element-313ebd6\" data-id=\"313ebd6\" data-element_type=\"column\" data-e-type=\"column\">\n\t\t\t<div class=\"elementor-widget-wrap elementor-element-populated\">\n\t\t\t\t\t\t<div class=\"elementor-element elementor-element-7a297b6 elementor-widget elementor-widget-image\" data-id=\"7a297b6\" data-element_type=\"widget\" data-e-type=\"widget\" data-widget_type=\"image.default\">\n\t\t\t\t<div class=\"elementor-widget-container\">\n\t\t\t\t\t\t\t\t\t\t\t\t\t\t\t<img loading=\"lazy\" decoding=\"async\" loading=\"lazy\" width=\"800\" height=\"800\" src=\"https:\/\/purepower-egypt.com\/wp-content\/uploads\/2023\/11\/GE-12V100AH-22.webp\" class=\"attachment-large size-large wp-image-4619\" alt=\"Battery\" srcset=\"https:\/\/purepower-egypt.com\/wp-content\/uploads\/2023\/11\/GE-12V100AH-22.webp 800w, https:\/\/purepower-egypt.com\/wp-content\/uploads\/2023\/11\/GE-12V100AH-22-300x300.webp 300w, https:\/\/purepower-egypt.com\/wp-content\/uploads\/2023\/11\/GE-12V100AH-22-150x150.webp 150w, https:\/\/purepower-egypt.com\/wp-content\/uploads\/2023\/11\/GE-12V100AH-22-768x768.webp 768w\" sizes=\"auto, (max-width: 800px) 100vw, 800px\" \/>\t\t\t\t\t\t\t\t\t\t\t\t\t\t\t<\/div>\n\t\t\t\t<\/div>\n\t\t\t\t\t<\/div>\n\t\t<\/div>\n\t\t\t\t\t<\/div>\n\t\t<\/section>\n\t\t\t\t<section class=\"elementor-section elementor-top-section elementor-element elementor-element-d126580 elementor-section-boxed elementor-section-height-default elementor-section-height-default\" data-id=\"d126580\" data-element_type=\"section\" data-e-type=\"section\">\n\t\t\t\t\t\t<div class=\"elementor-container elementor-column-gap-default\">\n\t\t\t\t\t<div class=\"elementor-column elementor-col-100 elementor-top-column elementor-element elementor-element-bc82eef\" data-id=\"bc82eef\" data-element_type=\"column\" data-e-type=\"column\">\n\t\t\t<div class=\"elementor-widget-wrap elementor-element-populated\">\n\t\t\t\t\t\t<div class=\"elementor-element elementor-element-c9ecc69 elementor-widget elementor-widget-text-editor\" data-id=\"c9ecc69\" data-element_type=\"widget\" data-e-type=\"widget\" data-widget_type=\"text-editor.default\">\n\t\t\t\t<div class=\"elementor-widget-container\">\n\t\t\t\t\t\t\t\t\t<p>Description de la batterie GEL 12V 100\/150\/200AH.<\/p><p>Le GEL 12V 100\/150\/200AH est capable de fonctionner dans de larges plages de temp\u00e9rature, de -40\u2103 \u00e0 65\u2103, ce qui en fait une solution \u00e9conomique pour les syst\u00e8mes d&#8217;\u00e9nergie solaire, \u00e9olienne et autres syst\u00e8mes d&#8217;\u00e9nergie renouvelable. La batterie peut r\u00e9sister \u00e0 des environnements difficiles et offre des performances \u00e9lev\u00e9es et durables dans des temp\u00e9ratures \u00e9lev\u00e9es et basses. La batterie GEL 12V est con\u00e7ue pour une dur\u00e9e de vie flottante de 12 ans \u00e0 25\u2103, tandis que la batterie GEL 2V a une dur\u00e9e de vie de 18 ans. \u00c0 -15\u2103 (5 degr\u00e9s F), la capacit\u00e9 peut atteindre jusqu&#8217;\u00e0 65%. La batterie GEL 12V 200AH offre une longue dur\u00e9e de vie cyclique \u00e0 25\u2103 (77\u2109), avec 600 cycles \u00e0 80% de d\u00e9charge et 2300 cycles \u00e0 30% de d\u00e9charge. Gr\u00e2ce \u00e0 notre technologie r\u00e9volutionnaire d&#8217;\u00e9tanch\u00e9it\u00e9 par haute temp\u00e9rature et de soudage TTP, la batterie offre des performances parfaites sans entretien, ce qui lui permet d&#8217;\u00eatre utilis\u00e9e en ext\u00e9rieur et en int\u00e9rieur sans fuite ni entretien, la pla\u00e7ant ainsi au sommet de sa cat\u00e9gorie.<\/p><p>Advantages:<\/p><p>Dur\u00e9e de vie du cycle 50% plus longue que la s\u00e9rie GP.<\/p><p>Alliage plomb-\u00e9tain de haute puret\u00e9 qui permet de r\u00e9duire le taux d&#8217;autod\u00e9charge de la batterie et d&#8217;augmenter sa dur\u00e9e de vie.<\/p><p>Bo\u00eetier de batterie ABS fabriqu\u00e9 \u00e0 partir de mati\u00e8re premi\u00e8re LG afin de prolonger la dur\u00e9e de vie de la batterie.<\/p><p>Technique de thermoscellage au lieu de l&#8217;\u00e9tanch\u00e9it\u00e9 \u00e0 la colle pour augmenter la solidit\u00e9 et la stabilit\u00e9 de la batterie.<\/p><p>La technique TTP non seulement r\u00e9duit la r\u00e9sistance interne et le co\u00fbt des mat\u00e9riaux, mais augmente \u00e9galement la dur\u00e9e de vie de la batterie.<\/p><p>Effectuer quatre grandes d\u00e9charges de courant avant l&#8217;emballage pour garantir la qualit\u00e9 de la batterie.<\/p><p>Pleine charge avant la livraison. Achetez et utilisez-le directement.<\/p>\t\t\t\t\t\t\t\t<\/div>\n\t\t\t\t<\/div>\n\t\t\t\t\t<\/div>\n\t\t<\/div>\n\t\t\t\t\t<\/div>\n\t\t<\/section>\n\t\t\t\t<\/div>\n\t\t","protected":false},"excerpt":{"rendered":"<p>GEL200-12 12V200AH GE200-12 fait partie de la s\u00e9rie de batteries GEL, qui a \u00e9t\u00e9 sp\u00e9cifiquement con\u00e7ue pour les syst\u00e8mes d&#8217;\u00e9nergie solaire et de secours. GEL150-12 12V150AH La batterie de la s\u00e9rie JYC GEL est fabriqu\u00e9e avec des s\u00e9parateurs sp\u00e9ciaux et du gel de silice qui immobilise l&#8217;\u00e9lectrolyte \u00e0 l&#8217;int\u00e9rieur de la batterie. La technologie \u00e9prouv\u00e9e [&hellip;]<\/p>\n","protected":false},"author":1,"featured_media":4617,"parent":0,"menu_order":0,"comment_status":"closed","ping_status":"closed","template":"","meta":{"nf_dc_page":"","footnotes":""},"class_list":["post-4615","page","type-page","status-publish","has-post-thumbnail","hentry"],"yoast_head":"<!-- This site is optimized with the Yoast SEO plugin v27.5 - https:\/\/yoast.com\/product\/yoast-seo-wordpress\/ -->\n<title>Battery - Pure Power<\/title>\n<meta name=\"description\" content=\"Explorez des solutions de stockage d&#039;\u00e9nergie solaire de pointe avec des batteries de haute qualit\u00e9, certifi\u00e9es et distribu\u00e9es par Pure Power. Obtenez des performances fiables et l\u2019efficacit\u00e9 des \u00e9nergies renouvelables.\" \/>\n<meta name=\"robots\" content=\"index, follow, max-snippet:-1, max-image-preview:large, max-video-preview:-1\" \/>\n<link rel=\"canonical\" href=\"https:\/\/purepower-egypt.com\/fr\/battery\/\" \/>\n<meta property=\"og:locale\" content=\"fr_FR\" \/>\n<meta property=\"og:type\" content=\"article\" \/>\n<meta property=\"og:title\" content=\"Battery - Pure Power\" \/>\n<meta property=\"og:description\" content=\"Explorez des solutions de stockage d&#039;\u00e9nergie solaire de pointe avec des batteries de haute qualit\u00e9, certifi\u00e9es et distribu\u00e9es par Pure Power. Obtenez des performances fiables et l\u2019efficacit\u00e9 des \u00e9nergies renouvelables.\" \/>\n<meta property=\"og:url\" content=\"https:\/\/purepower-egypt.com\/fr\/battery\/\" \/>\n<meta property=\"og:site_name\" content=\"Pure Power\" \/>\n<meta property=\"article:modified_time\" content=\"2024-04-29T20:26:30+00:00\" \/>\n<meta property=\"og:image\" content=\"https:\/\/purepower-egypt.com\/wp-content\/uploads\/2023\/11\/GE-12V200AH-11.webp\" \/>\n\t<meta property=\"og:image:width\" content=\"800\" \/>\n\t<meta property=\"og:image:height\" content=\"800\" \/>\n\t<meta property=\"og:image:type\" content=\"image\/webp\" \/>\n<meta name=\"twitter:card\" content=\"summary_large_image\" \/>\n<meta name=\"twitter:label1\" content=\"Dur\u00e9e de lecture estim\u00e9e\" \/>\n\t<meta name=\"twitter:data1\" content=\"5 minutes\" \/>\n<script type=\"application\/ld+json\" class=\"yoast-schema-graph\">{\"@context\":\"https:\\\/\\\/schema.org\",\"@graph\":[{\"@type\":\"WebPage\",\"@id\":\"https:\\\/\\\/purepower-egypt.com\\\/fr\\\/battery\\\/\",\"url\":\"https:\\\/\\\/purepower-egypt.com\\\/fr\\\/battery\\\/\",\"name\":\"Battery - Pure Power\",\"isPartOf\":{\"@id\":\"https:\\\/\\\/purepower-egypt.com\\\/fr\\\/#website\"},\"primaryImageOfPage\":{\"@id\":\"https:\\\/\\\/purepower-egypt.com\\\/fr\\\/battery\\\/#primaryimage\"},\"image\":{\"@id\":\"https:\\\/\\\/purepower-egypt.com\\\/fr\\\/battery\\\/#primaryimage\"},\"thumbnailUrl\":\"https:\\\/\\\/purepower-egypt.com\\\/wp-content\\\/uploads\\\/2023\\\/11\\\/GE-12V200AH-11.webp\",\"datePublished\":\"2023-11-19T18:27:10+00:00\",\"dateModified\":\"2024-04-29T20:26:30+00:00\",\"description\":\"Explorez des solutions de stockage d'\u00e9nergie solaire de pointe avec des batteries de haute qualit\u00e9, certifi\u00e9es et distribu\u00e9es par Pure Power. Obtenez des performances fiables et l\u2019efficacit\u00e9 des \u00e9nergies renouvelables.\",\"breadcrumb\":{\"@id\":\"https:\\\/\\\/purepower-egypt.com\\\/fr\\\/battery\\\/#breadcrumb\"},\"inLanguage\":\"fr-FR\",\"potentialAction\":[{\"@type\":\"ReadAction\",\"target\":[\"https:\\\/\\\/purepower-egypt.com\\\/fr\\\/battery\\\/\"]}]},{\"@type\":\"ImageObject\",\"inLanguage\":\"fr-FR\",\"@id\":\"https:\\\/\\\/purepower-egypt.com\\\/fr\\\/battery\\\/#primaryimage\",\"url\":\"https:\\\/\\\/purepower-egypt.com\\\/wp-content\\\/uploads\\\/2023\\\/11\\\/GE-12V200AH-11.webp\",\"contentUrl\":\"https:\\\/\\\/purepower-egypt.com\\\/wp-content\\\/uploads\\\/2023\\\/11\\\/GE-12V200AH-11.webp\",\"width\":800,\"height\":800,\"caption\":\"Battery\"},{\"@type\":\"BreadcrumbList\",\"@id\":\"https:\\\/\\\/purepower-egypt.com\\\/fr\\\/battery\\\/#breadcrumb\",\"itemListElement\":[{\"@type\":\"ListItem\",\"position\":1,\"name\":\"\u0627\u0644\u0631\u0626\u064a\u0633\u064a\u0629\",\"item\":\"https:\\\/\\\/purepower-egypt.com\\\/fr\\\/\"},{\"@type\":\"ListItem\",\"position\":2,\"name\":\"Battery\"}]},{\"@type\":\"WebSite\",\"@id\":\"https:\\\/\\\/purepower-egypt.com\\\/fr\\\/#website\",\"url\":\"https:\\\/\\\/purepower-egypt.com\\\/fr\\\/\",\"name\":\"Pure Power\",\"description\":\"\u0628\u064a\u0648\u0631 \u0628\u0627\u0648\u0631 \u0634\u0631\u0643\u0629 \u0631\u0627\u0626\u062f\u0629 \u0641\u064a \u0645\u062c\u0627\u0644 \u0627\u0644\u0637\u0627\u0642\u0629 \u0627\u0644\u0634\u0645\u0633\u064a\u0629 \u0627\u0644\u0645\u0628\u062a\u0643\u0631\u0629 \u0645\u0646\u0630 \u0627\u0643\u062b\u0631 \u0645\u0646 \u0661\u0660 \u0633\u0646\u0648\u0627\u062a\",\"publisher\":{\"@id\":\"https:\\\/\\\/purepower-egypt.com\\\/fr\\\/#organization\"},\"potentialAction\":[{\"@type\":\"SearchAction\",\"target\":{\"@type\":\"EntryPoint\",\"urlTemplate\":\"https:\\\/\\\/purepower-egypt.com\\\/fr\\\/?s={search_term_string}\"},\"query-input\":{\"@type\":\"PropertyValueSpecification\",\"valueRequired\":true,\"valueName\":\"search_term_string\"}}],\"inLanguage\":\"fr-FR\"},{\"@type\":\"Organization\",\"@id\":\"https:\\\/\\\/purepower-egypt.com\\\/fr\\\/#organization\",\"name\":\"Pure Power\",\"url\":\"https:\\\/\\\/purepower-egypt.com\\\/fr\\\/\",\"logo\":{\"@type\":\"ImageObject\",\"inLanguage\":\"fr-FR\",\"@id\":\"https:\\\/\\\/purepower-egypt.com\\\/fr\\\/#\\\/schema\\\/logo\\\/image\\\/\",\"url\":\"https:\\\/\\\/purepower-egypt.com\\\/\\\/wp-content\\\/uploads\\\/2024\\\/04\\\/\u0634\u0631\u0643\u0629-\u0628\u064a\u0648\u0631-\u0628\u0627\u0648\u0631-\u0644\u062d\u0644\u0648\u0644-\u0627\u0644\u0637\u0627\u0642\u0629-\u0627\u0644\u0634\u0645\u0633\u064a\u0629.jpg\",\"contentUrl\":\"https:\\\/\\\/purepower-egypt.com\\\/\\\/wp-content\\\/uploads\\\/2024\\\/04\\\/\u0634\u0631\u0643\u0629-\u0628\u064a\u0648\u0631-\u0628\u0627\u0648\u0631-\u0644\u062d\u0644\u0648\u0644-\u0627\u0644\u0637\u0627\u0642\u0629-\u0627\u0644\u0634\u0645\u0633\u064a\u0629.jpg\",\"width\":1000,\"height\":1000,\"caption\":\"Pure Power\"},\"image\":{\"@id\":\"https:\\\/\\\/purepower-egypt.com\\\/fr\\\/#\\\/schema\\\/logo\\\/image\\\/\"}}]}<\/script>\n<!-- \/ Yoast SEO plugin. -->","yoast_head_json":{"title":"Battery - Pure Power","description":"Explorez des solutions de stockage d'\u00e9nergie solaire de pointe avec des batteries de haute qualit\u00e9, certifi\u00e9es et distribu\u00e9es par Pure Power. Obtenez des performances fiables et l\u2019efficacit\u00e9 des \u00e9nergies renouvelables.","robots":{"index":"index","follow":"follow","max-snippet":"max-snippet:-1","max-image-preview":"max-image-preview:large","max-video-preview":"max-video-preview:-1"},"canonical":"https:\/\/purepower-egypt.com\/fr\/battery\/","og_locale":"fr_FR","og_type":"article","og_title":"Battery - Pure Power","og_description":"Explorez des solutions de stockage d'\u00e9nergie solaire de pointe avec des batteries de haute qualit\u00e9, certifi\u00e9es et distribu\u00e9es par Pure Power. Obtenez des performances fiables et l\u2019efficacit\u00e9 des \u00e9nergies renouvelables.","og_url":"https:\/\/purepower-egypt.com\/fr\/battery\/","og_site_name":"Pure Power","article_modified_time":"2024-04-29T20:26:30+00:00","og_image":[{"width":800,"height":800,"url":"https:\/\/purepower-egypt.com\/wp-content\/uploads\/2023\/11\/GE-12V200AH-11.webp","type":"image\/webp"}],"twitter_card":"summary_large_image","twitter_misc":{"Dur\u00e9e de lecture estim\u00e9e":"5 minutes"},"schema":{"@context":"https:\/\/schema.org","@graph":[{"@type":"WebPage","@id":"https:\/\/purepower-egypt.com\/fr\/battery\/","url":"https:\/\/purepower-egypt.com\/fr\/battery\/","name":"Battery - Pure Power","isPartOf":{"@id":"https:\/\/purepower-egypt.com\/fr\/#website"},"primaryImageOfPage":{"@id":"https:\/\/purepower-egypt.com\/fr\/battery\/#primaryimage"},"image":{"@id":"https:\/\/purepower-egypt.com\/fr\/battery\/#primaryimage"},"thumbnailUrl":"https:\/\/purepower-egypt.com\/wp-content\/uploads\/2023\/11\/GE-12V200AH-11.webp","datePublished":"2023-11-19T18:27:10+00:00","dateModified":"2024-04-29T20:26:30+00:00","description":"Explorez des solutions de stockage d'\u00e9nergie solaire de pointe avec des batteries de haute qualit\u00e9, certifi\u00e9es et distribu\u00e9es par Pure Power. Obtenez des performances fiables et l\u2019efficacit\u00e9 des \u00e9nergies renouvelables.","breadcrumb":{"@id":"https:\/\/purepower-egypt.com\/fr\/battery\/#breadcrumb"},"inLanguage":"fr-FR","potentialAction":[{"@type":"ReadAction","target":["https:\/\/purepower-egypt.com\/fr\/battery\/"]}]},{"@type":"ImageObject","inLanguage":"fr-FR","@id":"https:\/\/purepower-egypt.com\/fr\/battery\/#primaryimage","url":"https:\/\/purepower-egypt.com\/wp-content\/uploads\/2023\/11\/GE-12V200AH-11.webp","contentUrl":"https:\/\/purepower-egypt.com\/wp-content\/uploads\/2023\/11\/GE-12V200AH-11.webp","width":800,"height":800,"caption":"Battery"},{"@type":"BreadcrumbList","@id":"https:\/\/purepower-egypt.com\/fr\/battery\/#breadcrumb","itemListElement":[{"@type":"ListItem","position":1,"name":"\u0627\u0644\u0631\u0626\u064a\u0633\u064a\u0629","item":"https:\/\/purepower-egypt.com\/fr\/"},{"@type":"ListItem","position":2,"name":"Battery"}]},{"@type":"WebSite","@id":"https:\/\/purepower-egypt.com\/fr\/#website","url":"https:\/\/purepower-egypt.com\/fr\/","name":"Pure Power","description":"\u0628\u064a\u0648\u0631 \u0628\u0627\u0648\u0631 \u0634\u0631\u0643\u0629 \u0631\u0627\u0626\u062f\u0629 \u0641\u064a \u0645\u062c\u0627\u0644 \u0627\u0644\u0637\u0627\u0642\u0629 \u0627\u0644\u0634\u0645\u0633\u064a\u0629 \u0627\u0644\u0645\u0628\u062a\u0643\u0631\u0629 \u0645\u0646\u0630 \u0627\u0643\u062b\u0631 \u0645\u0646 \u0661\u0660 \u0633\u0646\u0648\u0627\u062a","publisher":{"@id":"https:\/\/purepower-egypt.com\/fr\/#organization"},"potentialAction":[{"@type":"SearchAction","target":{"@type":"EntryPoint","urlTemplate":"https:\/\/purepower-egypt.com\/fr\/?s={search_term_string}"},"query-input":{"@type":"PropertyValueSpecification","valueRequired":true,"valueName":"search_term_string"}}],"inLanguage":"fr-FR"},{"@type":"Organization","@id":"https:\/\/purepower-egypt.com\/fr\/#organization","name":"Pure Power","url":"https:\/\/purepower-egypt.com\/fr\/","logo":{"@type":"ImageObject","inLanguage":"fr-FR","@id":"https:\/\/purepower-egypt.com\/fr\/#\/schema\/logo\/image\/","url":"https:\/\/purepower-egypt.com\/\/wp-content\/uploads\/2024\/04\/\u0634\u0631\u0643\u0629-\u0628\u064a\u0648\u0631-\u0628\u0627\u0648\u0631-\u0644\u062d\u0644\u0648\u0644-\u0627\u0644\u0637\u0627\u0642\u0629-\u0627\u0644\u0634\u0645\u0633\u064a\u0629.jpg","contentUrl":"https:\/\/purepower-egypt.com\/\/wp-content\/uploads\/2024\/04\/\u0634\u0631\u0643\u0629-\u0628\u064a\u0648\u0631-\u0628\u0627\u0648\u0631-\u0644\u062d\u0644\u0648\u0644-\u0627\u0644\u0637\u0627\u0642\u0629-\u0627\u0644\u0634\u0645\u0633\u064a\u0629.jpg","width":1000,"height":1000,"caption":"Pure Power"},"image":{"@id":"https:\/\/purepower-egypt.com\/fr\/#\/schema\/logo\/image\/"}}]}},"_links":{"self":[{"href":"https:\/\/purepower-egypt.com\/fr\/wp-json\/wp\/v2\/pages\/4615","targetHints":{"allow":["GET"]}}],"collection":[{"href":"https:\/\/purepower-egypt.com\/fr\/wp-json\/wp\/v2\/pages"}],"about":[{"href":"https:\/\/purepower-egypt.com\/fr\/wp-json\/wp\/v2\/types\/page"}],"author":[{"embeddable":true,"href":"https:\/\/purepower-egypt.com\/fr\/wp-json\/wp\/v2\/users\/1"}],"replies":[{"embeddable":true,"href":"https:\/\/purepower-egypt.com\/fr\/wp-json\/wp\/v2\/comments?post=4615"}],"version-history":[{"count":0,"href":"https:\/\/purepower-egypt.com\/fr\/wp-json\/wp\/v2\/pages\/4615\/revisions"}],"wp:featuredmedia":[{"embeddable":true,"href":"https:\/\/purepower-egypt.com\/fr\/wp-json\/wp\/v2\/media\/4617"}],"wp:attachment":[{"href":"https:\/\/purepower-egypt.com\/fr\/wp-json\/wp\/v2\/media?parent=4615"}],"curies":[{"name":"wp","href":"https:\/\/api.w.org\/{rel}","templated":true}]}}