{"id":4606,"date":"2023-11-19T18:26:46","date_gmt":"2023-11-19T18:26:46","guid":{"rendered":"https:\/\/purepower-egypt.com\/pipes\/"},"modified":"2024-04-29T21:30:19","modified_gmt":"2024-04-29T21:30:19","slug":"pipes","status":"publish","type":"page","link":"https:\/\/purepower-egypt.com\/fr\/pipes\/","title":{"rendered":"tuyaux"},"content":{"rendered":"\t\t<div data-elementor-type=\"wp-page\" data-elementor-id=\"4606\" class=\"elementor elementor-4606 elementor-232\" data-elementor-post-type=\"page\">\n\t\t\t\t\t\t<section class=\"elementor-section elementor-top-section elementor-element elementor-element-bea6d6f elementor-section-boxed elementor-section-height-default elementor-section-height-default\" data-id=\"bea6d6f\" data-element_type=\"section\" data-e-type=\"section\">\n\t\t\t\t\t\t<div class=\"elementor-container elementor-column-gap-default\">\n\t\t\t\t\t<div class=\"elementor-column elementor-col-100 elementor-top-column elementor-element elementor-element-23ecb45\" data-id=\"23ecb45\" data-element_type=\"column\" data-e-type=\"column\">\n\t\t\t<div class=\"elementor-widget-wrap elementor-element-populated\">\n\t\t\t\t\t\t<div class=\"elementor-element elementor-element-404802c elementor-widget elementor-widget-image\" data-id=\"404802c\" data-element_type=\"widget\" data-e-type=\"widget\" data-widget_type=\"image.default\">\n\t\t\t\t<div class=\"elementor-widget-container\">\n\t\t\t\t\t\t\t\t\t\t\t\t\t\t\t<img loading=\"lazy\" decoding=\"async\" loading=\"lazy\" width=\"770\" height=\"441\" src=\"https:\/\/purepower-egypt.com\/wp-content\/uploads\/2023\/11\/Jain-Thread-Loc-Plus-Column-Pipe-.jpg\" class=\"attachment-large size-large wp-image-4607\" alt=\"pipes\" srcset=\"https:\/\/purepower-egypt.com\/wp-content\/uploads\/2023\/11\/Jain-Thread-Loc-Plus-Column-Pipe-.jpg 770w, https:\/\/purepower-egypt.com\/wp-content\/uploads\/2023\/11\/Jain-Thread-Loc-Plus-Column-Pipe--300x172.jpg 300w, https:\/\/purepower-egypt.com\/wp-content\/uploads\/2023\/11\/Jain-Thread-Loc-Plus-Column-Pipe--768x440.jpg 768w\" sizes=\"auto, (max-width: 770px) 100vw, 770px\" \/>\t\t\t\t\t\t\t\t\t\t\t\t\t\t\t<\/div>\n\t\t\t\t<\/div>\n\t\t\t\t<div class=\"elementor-element elementor-element-d8726bf elementor-widget elementor-widget-heading\" data-id=\"d8726bf\" data-element_type=\"widget\" data-e-type=\"widget\" data-widget_type=\"heading.default\">\n\t\t\t\t<div class=\"elementor-widget-container\">\n\t\t\t\t\t<h2 class=\"elementor-heading-title elementor-size-default\">Tuyau de colonne Jain Thread Loc Plus\u2122<\/h2>\t\t\t\t<\/div>\n\t\t\t\t<\/div>\n\t\t\t\t<div class=\"elementor-element elementor-element-b3212ae elementor-align-start elementor-icon-list--layout-traditional elementor-list-item-link-full_width elementor-widget elementor-widget-icon-list\" data-id=\"b3212ae\" data-element_type=\"widget\" data-e-type=\"widget\" data-widget_type=\"icon-list.default\">\n\t\t\t\t<div class=\"elementor-widget-container\">\n\t\t\t\t\t\t\t<ul class=\"elementor-icon-list-items\">\n\t\t\t\t\t\t\t<li class=\"elementor-icon-list-item\">\n\t\t\t\t\t\t\t\t\t\t\t<span class=\"elementor-icon-list-icon\">\n\t\t\t\t\t\t\t<svg aria-hidden=\"true\" class=\"e-font-icon-svg e-fas-arrow-alt-circle-up\" viewBox=\"0 0 512 512\" xmlns=\"http:\/\/www.w3.org\/2000\/svg\"><path d=\"M8 256C8 119 119 8 256 8s248 111 248 248-111 248-248 248S8 393 8 256zm292 116V256h70.9c10.7 0 16.1-13 8.5-20.5L264.5 121.2c-4.7-4.7-12.2-4.7-16.9 0l-115 114.3c-7.6 7.6-2.2 20.5 8.5 20.5H212v116c0 6.6 5.4 12 12 12h64c6.6 0 12-5.4 12-12z\"><\/path><\/svg>\t\t\t\t\t\t<\/span>\n\t\t\t\t\t\t\t\t\t\t<span class=\"elementor-icon-list-text\">Norme de produit selon la norme de l'entreprise<\/span>\n\t\t\t\t\t\t\t\t\t<\/li>\n\t\t\t\t\t\t\t\t<li class=\"elementor-icon-list-item\">\n\t\t\t\t\t\t\t\t\t\t\t<span class=\"elementor-icon-list-icon\">\n\t\t\t\t\t\t\t<svg aria-hidden=\"true\" class=\"e-font-icon-svg e-fas-arrow-alt-circle-up\" viewBox=\"0 0 512 512\" xmlns=\"http:\/\/www.w3.org\/2000\/svg\"><path d=\"M8 256C8 119 119 8 256 8s248 111 248 248-111 248-248 248S8 393 8 256zm292 116V256h70.9c10.7 0 16.1-13 8.5-20.5L264.5 121.2c-4.7-4.7-12.2-4.7-16.9 0l-115 114.3c-7.6 7.6-2.2 20.5 8.5 20.5H212v116c0 6.6 5.4 12 12 12h64c6.6 0 12-5.4 12-12z\"><\/path><\/svg>\t\t\t\t\t\t<\/span>\n\t\t\t\t\t\t\t\t\t\t<span class=\"elementor-icon-list-text\">Gamme 1\" \u00e0 6\"<\/span>\n\t\t\t\t\t\t\t\t\t<\/li>\n\t\t\t\t\t\t<\/ul>\n\t\t\t\t\t\t<\/div>\n\t\t\t\t<\/div>\n\t\t\t\t<div class=\"elementor-element elementor-element-f2e3c07 elementor-widget elementor-widget-text-editor\" data-id=\"f2e3c07\" data-element_type=\"widget\" data-e-type=\"widget\" data-widget_type=\"text-editor.default\">\n\t\t\t\t<div class=\"elementor-widget-container\">\n\t\t\t\t\t\t\t\t\t<p>Jain Irrigation Systems Limited est une entreprise mondialement renomm\u00e9e pour ses produits en uPVC utilis\u00e9s pour le pr\u00e9l\u00e8vement des eaux souterraines, la recharge des nappes phr\u00e9atiques, les syst\u00e8mes de r\u00e9cup\u00e9ration des eaux de pluie ainsi que les syst\u00e8mes de drainage des infiltrations et des sols. Nos produits ont gagn\u00e9 la confiance des utilisateurs du monde entier, ce qui nous a encourag\u00e9s chez Jain \u00e0 faire appel \u00e0 notre service de recherche et d\u00e9veloppement pour concevoir et fabriquer un autre produit qui sera une int\u00e9gration avanc\u00e9e du groupe susmentionn\u00e9 de syst\u00e8mes de tuyaux d&#8217;extraction d&#8217;eau souterraine. Cela permettra de transporter l&#8217;eau pr\u00e9lev\u00e9e avec efficacit\u00e9 et \u00e0 un co\u00fbt abordable, tout en ayant une longue dur\u00e9e de vie.<\/p>\t\t\t\t\t\t\t\t<\/div>\n\t\t\t\t<\/div>\n\t\t\t\t\t<\/div>\n\t\t<\/div>\n\t\t\t\t\t<\/div>\n\t\t<\/section>\n\t\t\t\t<\/div>\n\t\t","protected":false},"excerpt":{"rendered":"<p>Tuyau de colonne Jain Thread Loc Plus\u2122 Norme de produit selon la norme de l&#8217;entreprise Gamme 1&#8243; \u00e0 6&#8243; Jain Irrigation Systems Limited est une entreprise mondialement renomm\u00e9e pour ses produits en uPVC utilis\u00e9s pour le pr\u00e9l\u00e8vement des eaux souterraines, la recharge des nappes phr\u00e9atiques, les syst\u00e8mes de r\u00e9cup\u00e9ration des eaux de pluie ainsi que [&hellip;]<\/p>\n","protected":false},"author":1,"featured_media":4607,"parent":0,"menu_order":0,"comment_status":"closed","ping_status":"closed","template":"","meta":{"nf_dc_page":"","footnotes":""},"class_list":["post-4606","page","type-page","status-publish","has-post-thumbnail","hentry"],"yoast_head":"<!-- This site is optimized with the Yoast SEO plugin v27.4 - https:\/\/yoast.com\/product\/yoast-seo-wordpress\/ -->\n<title>tuyaux - Pure Power<\/title>\n<meta name=\"description\" content=\"Profitez des syst\u00e8mes d&#039;irrigation goutte \u00e0 goutte de Jane et utilisez-les pour drainer les eaux souterraines de mani\u00e8re efficace et \u00e9conomique. Des solutions efficaces pour utiliser l\u2019\u00e9nergie solaire, fournies par Pure Power.\" \/>\n<meta name=\"robots\" content=\"index, follow, max-snippet:-1, max-image-preview:large, max-video-preview:-1\" \/>\n<link rel=\"canonical\" href=\"https:\/\/purepower-egypt.com\/fr\/pipes\/\" \/>\n<meta property=\"og:locale\" content=\"fr_FR\" \/>\n<meta property=\"og:type\" content=\"article\" \/>\n<meta property=\"og:title\" content=\"tuyaux - Pure Power\" \/>\n<meta property=\"og:description\" content=\"Profitez des syst\u00e8mes d&#039;irrigation goutte \u00e0 goutte de Jane et utilisez-les pour drainer les eaux souterraines de mani\u00e8re efficace et \u00e9conomique. Des solutions efficaces pour utiliser l\u2019\u00e9nergie solaire, fournies par Pure Power.\" \/>\n<meta property=\"og:url\" content=\"https:\/\/purepower-egypt.com\/fr\/pipes\/\" \/>\n<meta property=\"og:site_name\" content=\"Pure Power\" \/>\n<meta property=\"article:modified_time\" content=\"2024-04-29T21:30:19+00:00\" \/>\n<meta property=\"og:image\" content=\"https:\/\/purepower-egypt.com\/wp-content\/uploads\/2023\/11\/Jain-Thread-Loc-Plus-Column-Pipe-.jpg\" \/>\n\t<meta property=\"og:image:width\" content=\"770\" \/>\n\t<meta property=\"og:image:height\" content=\"441\" \/>\n\t<meta property=\"og:image:type\" content=\"image\/jpeg\" \/>\n<meta name=\"twitter:card\" content=\"summary_large_image\" \/>\n<meta name=\"twitter:label1\" content=\"Dur\u00e9e de lecture estim\u00e9e\" \/>\n\t<meta name=\"twitter:data1\" content=\"2 minutes\" \/>\n<script type=\"application\/ld+json\" class=\"yoast-schema-graph\">{\"@context\":\"https:\\\/\\\/schema.org\",\"@graph\":[{\"@type\":\"WebPage\",\"@id\":\"https:\\\/\\\/purepower-egypt.com\\\/fr\\\/pipes\\\/\",\"url\":\"https:\\\/\\\/purepower-egypt.com\\\/fr\\\/pipes\\\/\",\"name\":\"tuyaux - Pure Power\",\"isPartOf\":{\"@id\":\"https:\\\/\\\/purepower-egypt.com\\\/fr\\\/#website\"},\"primaryImageOfPage\":{\"@id\":\"https:\\\/\\\/purepower-egypt.com\\\/fr\\\/pipes\\\/#primaryimage\"},\"image\":{\"@id\":\"https:\\\/\\\/purepower-egypt.com\\\/fr\\\/pipes\\\/#primaryimage\"},\"thumbnailUrl\":\"https:\\\/\\\/purepower-egypt.com\\\/wp-content\\\/uploads\\\/2023\\\/11\\\/Jain-Thread-Loc-Plus-Column-Pipe-.jpg\",\"datePublished\":\"2023-11-19T18:26:46+00:00\",\"dateModified\":\"2024-04-29T21:30:19+00:00\",\"description\":\"Profitez des syst\u00e8mes d'irrigation goutte \u00e0 goutte de Jane et utilisez-les pour drainer les eaux souterraines de mani\u00e8re efficace et \u00e9conomique. Des solutions efficaces pour utiliser l\u2019\u00e9nergie solaire, fournies par Pure Power.\",\"breadcrumb\":{\"@id\":\"https:\\\/\\\/purepower-egypt.com\\\/fr\\\/pipes\\\/#breadcrumb\"},\"inLanguage\":\"fr-FR\",\"potentialAction\":[{\"@type\":\"ReadAction\",\"target\":[\"https:\\\/\\\/purepower-egypt.com\\\/fr\\\/pipes\\\/\"]}]},{\"@type\":\"ImageObject\",\"inLanguage\":\"fr-FR\",\"@id\":\"https:\\\/\\\/purepower-egypt.com\\\/fr\\\/pipes\\\/#primaryimage\",\"url\":\"https:\\\/\\\/purepower-egypt.com\\\/wp-content\\\/uploads\\\/2023\\\/11\\\/Jain-Thread-Loc-Plus-Column-Pipe-.jpg\",\"contentUrl\":\"https:\\\/\\\/purepower-egypt.com\\\/wp-content\\\/uploads\\\/2023\\\/11\\\/Jain-Thread-Loc-Plus-Column-Pipe-.jpg\",\"width\":770,\"height\":441,\"caption\":\"pipes\"},{\"@type\":\"BreadcrumbList\",\"@id\":\"https:\\\/\\\/purepower-egypt.com\\\/fr\\\/pipes\\\/#breadcrumb\",\"itemListElement\":[{\"@type\":\"ListItem\",\"position\":1,\"name\":\"\u0627\u0644\u0631\u0626\u064a\u0633\u064a\u0629\",\"item\":\"https:\\\/\\\/purepower-egypt.com\\\/fr\\\/\"},{\"@type\":\"ListItem\",\"position\":2,\"name\":\"tuyaux\"}]},{\"@type\":\"WebSite\",\"@id\":\"https:\\\/\\\/purepower-egypt.com\\\/fr\\\/#website\",\"url\":\"https:\\\/\\\/purepower-egypt.com\\\/fr\\\/\",\"name\":\"Pure Power\",\"description\":\"\u0628\u064a\u0648\u0631 \u0628\u0627\u0648\u0631 \u0634\u0631\u0643\u0629 \u0631\u0627\u0626\u062f\u0629 \u0641\u064a \u0645\u062c\u0627\u0644 \u0627\u0644\u0637\u0627\u0642\u0629 \u0627\u0644\u0634\u0645\u0633\u064a\u0629 \u0627\u0644\u0645\u0628\u062a\u0643\u0631\u0629 \u0645\u0646\u0630 \u0627\u0643\u062b\u0631 \u0645\u0646 \u0661\u0660 \u0633\u0646\u0648\u0627\u062a\",\"publisher\":{\"@id\":\"https:\\\/\\\/purepower-egypt.com\\\/fr\\\/#organization\"},\"potentialAction\":[{\"@type\":\"SearchAction\",\"target\":{\"@type\":\"EntryPoint\",\"urlTemplate\":\"https:\\\/\\\/purepower-egypt.com\\\/fr\\\/?s={search_term_string}\"},\"query-input\":{\"@type\":\"PropertyValueSpecification\",\"valueRequired\":true,\"valueName\":\"search_term_string\"}}],\"inLanguage\":\"fr-FR\"},{\"@type\":\"Organization\",\"@id\":\"https:\\\/\\\/purepower-egypt.com\\\/fr\\\/#organization\",\"name\":\"Pure Power\",\"url\":\"https:\\\/\\\/purepower-egypt.com\\\/fr\\\/\",\"logo\":{\"@type\":\"ImageObject\",\"inLanguage\":\"fr-FR\",\"@id\":\"https:\\\/\\\/purepower-egypt.com\\\/fr\\\/#\\\/schema\\\/logo\\\/image\\\/\",\"url\":\"https:\\\/\\\/purepower-egypt.com\\\/\\\/wp-content\\\/uploads\\\/2024\\\/04\\\/\u0634\u0631\u0643\u0629-\u0628\u064a\u0648\u0631-\u0628\u0627\u0648\u0631-\u0644\u062d\u0644\u0648\u0644-\u0627\u0644\u0637\u0627\u0642\u0629-\u0627\u0644\u0634\u0645\u0633\u064a\u0629.jpg\",\"contentUrl\":\"https:\\\/\\\/purepower-egypt.com\\\/\\\/wp-content\\\/uploads\\\/2024\\\/04\\\/\u0634\u0631\u0643\u0629-\u0628\u064a\u0648\u0631-\u0628\u0627\u0648\u0631-\u0644\u062d\u0644\u0648\u0644-\u0627\u0644\u0637\u0627\u0642\u0629-\u0627\u0644\u0634\u0645\u0633\u064a\u0629.jpg\",\"width\":1000,\"height\":1000,\"caption\":\"Pure Power\"},\"image\":{\"@id\":\"https:\\\/\\\/purepower-egypt.com\\\/fr\\\/#\\\/schema\\\/logo\\\/image\\\/\"}}]}<\/script>\n<!-- \/ Yoast SEO plugin. -->","yoast_head_json":{"title":"tuyaux - Pure Power","description":"Profitez des syst\u00e8mes d'irrigation goutte \u00e0 goutte de Jane et utilisez-les pour drainer les eaux souterraines de mani\u00e8re efficace et \u00e9conomique. Des solutions efficaces pour utiliser l\u2019\u00e9nergie solaire, fournies par Pure Power.","robots":{"index":"index","follow":"follow","max-snippet":"max-snippet:-1","max-image-preview":"max-image-preview:large","max-video-preview":"max-video-preview:-1"},"canonical":"https:\/\/purepower-egypt.com\/fr\/pipes\/","og_locale":"fr_FR","og_type":"article","og_title":"tuyaux - Pure Power","og_description":"Profitez des syst\u00e8mes d'irrigation goutte \u00e0 goutte de Jane et utilisez-les pour drainer les eaux souterraines de mani\u00e8re efficace et \u00e9conomique. Des solutions efficaces pour utiliser l\u2019\u00e9nergie solaire, fournies par Pure Power.","og_url":"https:\/\/purepower-egypt.com\/fr\/pipes\/","og_site_name":"Pure Power","article_modified_time":"2024-04-29T21:30:19+00:00","og_image":[{"width":770,"height":441,"url":"https:\/\/purepower-egypt.com\/wp-content\/uploads\/2023\/11\/Jain-Thread-Loc-Plus-Column-Pipe-.jpg","type":"image\/jpeg"}],"twitter_card":"summary_large_image","twitter_misc":{"Dur\u00e9e de lecture estim\u00e9e":"2 minutes"},"schema":{"@context":"https:\/\/schema.org","@graph":[{"@type":"WebPage","@id":"https:\/\/purepower-egypt.com\/fr\/pipes\/","url":"https:\/\/purepower-egypt.com\/fr\/pipes\/","name":"tuyaux - Pure Power","isPartOf":{"@id":"https:\/\/purepower-egypt.com\/fr\/#website"},"primaryImageOfPage":{"@id":"https:\/\/purepower-egypt.com\/fr\/pipes\/#primaryimage"},"image":{"@id":"https:\/\/purepower-egypt.com\/fr\/pipes\/#primaryimage"},"thumbnailUrl":"https:\/\/purepower-egypt.com\/wp-content\/uploads\/2023\/11\/Jain-Thread-Loc-Plus-Column-Pipe-.jpg","datePublished":"2023-11-19T18:26:46+00:00","dateModified":"2024-04-29T21:30:19+00:00","description":"Profitez des syst\u00e8mes d'irrigation goutte \u00e0 goutte de Jane et utilisez-les pour drainer les eaux souterraines de mani\u00e8re efficace et \u00e9conomique. Des solutions efficaces pour utiliser l\u2019\u00e9nergie solaire, fournies par Pure Power.","breadcrumb":{"@id":"https:\/\/purepower-egypt.com\/fr\/pipes\/#breadcrumb"},"inLanguage":"fr-FR","potentialAction":[{"@type":"ReadAction","target":["https:\/\/purepower-egypt.com\/fr\/pipes\/"]}]},{"@type":"ImageObject","inLanguage":"fr-FR","@id":"https:\/\/purepower-egypt.com\/fr\/pipes\/#primaryimage","url":"https:\/\/purepower-egypt.com\/wp-content\/uploads\/2023\/11\/Jain-Thread-Loc-Plus-Column-Pipe-.jpg","contentUrl":"https:\/\/purepower-egypt.com\/wp-content\/uploads\/2023\/11\/Jain-Thread-Loc-Plus-Column-Pipe-.jpg","width":770,"height":441,"caption":"pipes"},{"@type":"BreadcrumbList","@id":"https:\/\/purepower-egypt.com\/fr\/pipes\/#breadcrumb","itemListElement":[{"@type":"ListItem","position":1,"name":"\u0627\u0644\u0631\u0626\u064a\u0633\u064a\u0629","item":"https:\/\/purepower-egypt.com\/fr\/"},{"@type":"ListItem","position":2,"name":"tuyaux"}]},{"@type":"WebSite","@id":"https:\/\/purepower-egypt.com\/fr\/#website","url":"https:\/\/purepower-egypt.com\/fr\/","name":"Pure Power","description":"\u0628\u064a\u0648\u0631 \u0628\u0627\u0648\u0631 \u0634\u0631\u0643\u0629 \u0631\u0627\u0626\u062f\u0629 \u0641\u064a \u0645\u062c\u0627\u0644 \u0627\u0644\u0637\u0627\u0642\u0629 \u0627\u0644\u0634\u0645\u0633\u064a\u0629 \u0627\u0644\u0645\u0628\u062a\u0643\u0631\u0629 \u0645\u0646\u0630 \u0627\u0643\u062b\u0631 \u0645\u0646 \u0661\u0660 \u0633\u0646\u0648\u0627\u062a","publisher":{"@id":"https:\/\/purepower-egypt.com\/fr\/#organization"},"potentialAction":[{"@type":"SearchAction","target":{"@type":"EntryPoint","urlTemplate":"https:\/\/purepower-egypt.com\/fr\/?s={search_term_string}"},"query-input":{"@type":"PropertyValueSpecification","valueRequired":true,"valueName":"search_term_string"}}],"inLanguage":"fr-FR"},{"@type":"Organization","@id":"https:\/\/purepower-egypt.com\/fr\/#organization","name":"Pure Power","url":"https:\/\/purepower-egypt.com\/fr\/","logo":{"@type":"ImageObject","inLanguage":"fr-FR","@id":"https:\/\/purepower-egypt.com\/fr\/#\/schema\/logo\/image\/","url":"https:\/\/purepower-egypt.com\/\/wp-content\/uploads\/2024\/04\/\u0634\u0631\u0643\u0629-\u0628\u064a\u0648\u0631-\u0628\u0627\u0648\u0631-\u0644\u062d\u0644\u0648\u0644-\u0627\u0644\u0637\u0627\u0642\u0629-\u0627\u0644\u0634\u0645\u0633\u064a\u0629.jpg","contentUrl":"https:\/\/purepower-egypt.com\/\/wp-content\/uploads\/2024\/04\/\u0634\u0631\u0643\u0629-\u0628\u064a\u0648\u0631-\u0628\u0627\u0648\u0631-\u0644\u062d\u0644\u0648\u0644-\u0627\u0644\u0637\u0627\u0642\u0629-\u0627\u0644\u0634\u0645\u0633\u064a\u0629.jpg","width":1000,"height":1000,"caption":"Pure Power"},"image":{"@id":"https:\/\/purepower-egypt.com\/fr\/#\/schema\/logo\/image\/"}}]}},"_links":{"self":[{"href":"https:\/\/purepower-egypt.com\/fr\/wp-json\/wp\/v2\/pages\/4606","targetHints":{"allow":["GET"]}}],"collection":[{"href":"https:\/\/purepower-egypt.com\/fr\/wp-json\/wp\/v2\/pages"}],"about":[{"href":"https:\/\/purepower-egypt.com\/fr\/wp-json\/wp\/v2\/types\/page"}],"author":[{"embeddable":true,"href":"https:\/\/purepower-egypt.com\/fr\/wp-json\/wp\/v2\/users\/1"}],"replies":[{"embeddable":true,"href":"https:\/\/purepower-egypt.com\/fr\/wp-json\/wp\/v2\/comments?post=4606"}],"version-history":[{"count":0,"href":"https:\/\/purepower-egypt.com\/fr\/wp-json\/wp\/v2\/pages\/4606\/revisions"}],"wp:featuredmedia":[{"embeddable":true,"href":"https:\/\/purepower-egypt.com\/fr\/wp-json\/wp\/v2\/media\/4607"}],"wp:attachment":[{"href":"https:\/\/purepower-egypt.com\/fr\/wp-json\/wp\/v2\/media?parent=4606"}],"curies":[{"name":"wp","href":"https:\/\/api.w.org\/{rel}","templated":true}]}}