{"id":4595,"date":"2023-11-19T18:26:28","date_gmt":"2023-11-19T18:26:28","guid":{"rendered":"https:\/\/purepower-egypt.com\/inventers-vfd\/"},"modified":"2024-04-29T21:24:18","modified_gmt":"2024-04-29T21:24:18","slug":"inventers-vfd","status":"publish","type":"page","link":"https:\/\/purepower-egypt.com\/fr\/inventers-vfd\/","title":{"rendered":"Inventeurs VFD"},"content":{"rendered":"\t\t<div data-elementor-type=\"wp-page\" data-elementor-id=\"4595\" class=\"elementor elementor-4595 elementor-230\" data-elementor-post-type=\"page\">\n\t\t\t\t\t\t<section class=\"elementor-section elementor-top-section elementor-element elementor-element-13e6627 elementor-section-boxed elementor-section-height-default elementor-section-height-default\" data-id=\"13e6627\" data-element_type=\"section\" data-e-type=\"section\">\n\t\t\t\t\t\t<div class=\"elementor-container elementor-column-gap-default\">\n\t\t\t\t\t<div class=\"elementor-column elementor-col-50 elementor-top-column elementor-element elementor-element-92e928b\" data-id=\"92e928b\" data-element_type=\"column\" data-e-type=\"column\">\n\t\t\t<div class=\"elementor-widget-wrap elementor-element-populated\">\n\t\t\t\t\t\t<div class=\"elementor-element elementor-element-97147e3 elementor-widget elementor-widget-heading\" data-id=\"97147e3\" data-element_type=\"widget\" data-e-type=\"widget\" data-widget_type=\"heading.default\">\n\t\t\t\t<div class=\"elementor-widget-container\">\n\t\t\t\t\t<h2 class=\"elementor-heading-title elementor-size-default\">Onduleur de pompe solaire PH380<\/h2>\t\t\t\t<\/div>\n\t\t\t\t<\/div>\n\t\t\t\t<div class=\"elementor-element elementor-element-2b65280 elementor-widget elementor-widget-text-editor\" data-id=\"2b65280\" data-element_type=\"widget\" data-e-type=\"widget\" data-widget_type=\"text-editor.default\">\n\t\t\t\t<div class=\"elementor-widget-container\">\n\t\t\t\t\t\t\t\t\t<div class=\"share1 fix\"><div class=\"l span4\">\u00a0<\/div><\/div><div class=\"pro_x\"><p>Plage de puissance\u00a0:<\/p><p>220V -2S model: 0.75-11kw,input 150VDC-450VDC<\/p><p>380V -4T model: 0.75-400KW,input 350V-800VDC<\/p><p>460V -5T model: 0.75-400KW,input 350V-900VDC<\/p><\/div>\t\t\t\t\t\t\t\t<\/div>\n\t\t\t\t<\/div>\n\t\t\t\t\t<\/div>\n\t\t<\/div>\n\t\t\t\t<div class=\"elementor-column elementor-col-50 elementor-top-column elementor-element elementor-element-9344408\" data-id=\"9344408\" data-element_type=\"column\" data-e-type=\"column\">\n\t\t\t<div class=\"elementor-widget-wrap elementor-element-populated\">\n\t\t\t\t\t\t<div class=\"elementor-element elementor-element-ff7e65d elementor-widget elementor-widget-ucaddon_owl_sliding_thumbs_gallery\" data-id=\"ff7e65d\" data-element_type=\"widget\" data-e-type=\"widget\" data-widget_type=\"ucaddon_owl_sliding_thumbs_gallery.default\">\n\t\t\t\t<div class=\"elementor-widget-container\">\n\t\t\t\t\t<!-- start Thumbnail Slider -->\n\t\t<link id='font-awesome-css' href='https:\/\/purepower-egypt.com\/wp-content\/plugins\/unlimited-elements-for-elementor-premium\/assets_libraries\/font-awesome5\/css\/fontawesome-all.min.css' type='text\/css' rel='stylesheet' >\n\t\t<link id='font-awesome-4-shim-css' href='https:\/\/purepower-egypt.com\/wp-content\/plugins\/unlimited-elements-for-elementor-premium\/assets_libraries\/font-awesome5\/css\/fontawesome-v4-shims.css' type='text\/css' rel='stylesheet' >\n\t\t<link id='owl-carousel-css' href='https:\/\/purepower-egypt.com\/wp-content\/plugins\/unlimited-elements-for-elementor-premium\/assets_libraries\/owl-carousel-new\/assets\/owl.carousel.css' type='text\/css' rel='stylesheet' >\n\n\t\t\t<style type=\"text\/css\">\/* widget: Thumbnail Slider *\/\n\n#uc_owl_sliding_thumbs_gallery_elementor_ff7e65d{\n  min-height:1px;\n}\n\n#uc_owl_sliding_thumbs_gallery_elementor_ff7e65d .owl-carousel .owl-wrapper-outer {\n direction: ltr;\n}\n\n#uc_owl_sliding_thumbs_gallery_elementor_ff7e65d .owl-carousel .owl-item {\n}\n\n#uc_owl_sliding_thumbs_gallery_elementor_ff7e65d .owl-theme .owl-controls .owl-buttons div {\n    color: black;\n    display: inline-block;\n    \/* zoom: 1; *\/\n    *: ;\n    display: inline;\n    font-size: 12px;\n    border-radius: 30px; \n    background: #869791; \n    filter: Alpha(Opacity=50);\n    opacity: 0.5;\n    border-style: solid;\n    border-width: 1px;\n}\n\n#uc_owl_sliding_thumbs_gallery_elementor_ff7e65d .uc-carousel-sync1 .item{\n    color: #FFF;\n    text-align: center;\n    overflow:hidden;\n   \n}\n#uc_owl_sliding_thumbs_gallery_elementor_ff7e65d .uc-carousel-sync2 .item{\n    color: #FFF;\n    text-align: center;\n    cursor: pointer;\n}\n\n.itemTitle\n{\n  font-size:32px;\n}\n\n\n#uc_owl_sliding_thumbs_gallery_elementor_ff7e65d .itemLink a\n{\n  display:inline-block;\n  text-align:center;\n  text-decoration:none;\n  transition:0.3s;\n}\n\n#uc_owl_sliding_thumbs_gallery_elementor_ff7e65d .uc-carousel-slider-thumbs-wrapper .owl-item\n{\n  opacity:;\n}\n\n\n#uc_owl_sliding_thumbs_gallery_elementor_ff7e65d .uc-carousel-slider-thumbs-wrapper .owl-item.synced\n{\n  opacity:1;\n}\n\n#uc_owl_sliding_thumbs_gallery_elementor_ff7e65d .ue-item-overlay\n{\n  position:absolute;\n  top:0;\n  bottom:0;\n  left:0;\n  right:0;\n  width:100%;\n  height:100%;\n  z-index:0;\n}\n\n#uc_owl_sliding_thumbs_gallery_elementor_ff7e65d .ue-item-container\n{\n  position:relative;\n}\n\n#uc_owl_sliding_thumbs_gallery_elementor_ff7e65d .ue-thumb\n{\n  display:flex;\n  justify-content:center;\n  align-items:center;\n}\n\n.itemThumbTitle\n{\n  transition:0.3s;\n}\n\n\n\n#uc_owl_sliding_thumbs_gallery_elementor_ff7e65d .owl-nav .owl-prev{\n    position:absolute;\n    display:inline-block;\n    text-align:center;\n    outline: none;\n}\n#uc_owl_sliding_thumbs_gallery_elementor_ff7e65d .owl-nav .owl-next{\n  position:absolute;\n  display:inline-block;\n  text-align:center;\n  outline: none;\n}\n\n#uc_owl_sliding_thumbs_gallery_elementor_ff7e65d .ue-thumb-holder\n{\n  display:block;\n}\n\n<\/style>\n\n\t\t\t<div id=\"uc_owl_sliding_thumbs_gallery_elementor_ff7e65d\" style=\"direction:ltr;\">\n  \n  <div class=\"owl-carousel uc-carousel-sync1\">\n    <div class=\"item\" style=\"background-image:url(https:\/\/purepower-egypt.com\/wp-content\/uploads\/2023\/11\/605347a9e87bc.png);background-size:cover;height:600px;display: flex; align-items: center; justify-content: center; flex-direction: column;\">\n  <div class=\"ue-item-overlay\"><\/div>\n  \n  <div class=\"ue-item-container\">\n        <\/div>\n<\/div>\n<div class=\"item\" style=\"background-image:url(https:\/\/purepower-egypt.com\/wp-content\/uploads\/2023\/12\/605347b27038f.png);background-size:cover;height:600px;display: flex; align-items: center; justify-content: center; flex-direction: column;\">\n  <div class=\"ue-item-overlay\"><\/div>\n  \n  <div class=\"ue-item-container\">\n        <\/div>\n<\/div>\n<div class=\"item\" style=\"background-image:url(https:\/\/purepower-egypt.com\/wp-content\/uploads\/2023\/12\/605347cd519e8.png);background-size:cover;height:600px;display: flex; align-items: center; justify-content: center; flex-direction: column;\">\n  <div class=\"ue-item-overlay\"><\/div>\n  \n  <div class=\"ue-item-container\">\n        <\/div>\n<\/div>\n<div class=\"item\" style=\"background-image:url(https:\/\/purepower-egypt.com\/wp-content\/uploads\/2023\/12\/605347d9f30ee.png);background-size:cover;height:600px;display: flex; align-items: center; justify-content: center; flex-direction: column;\">\n  <div class=\"ue-item-overlay\"><\/div>\n  \n  <div class=\"ue-item-container\">\n        <\/div>\n<\/div>\n\n  <\/div>\n\n  <div class=\"uc-carousel-slider-thumbs-wrapper\">\n\n    <div class=\"owl-carousel uc-carousel-sync2\">\n      <a href=\"#uc_owl_sliding_thumbs_gallery_elementor_ff7e65d_item1\" class=\"ue-thumb-holder\">\n<div class=\"item ue-thumb\" style=\"background-image:url(https:\/\/purepower-egypt.com\/wp-content\/uploads\/2023\/11\/605347a9e87bc.png);background-size:cover;\"> \n    <\/div>\n    <\/a>\n<a href=\"#uc_owl_sliding_thumbs_gallery_elementor_ff7e65d_item2\" class=\"ue-thumb-holder\">\n<div class=\"item ue-thumb\" style=\"background-image:url(https:\/\/purepower-egypt.com\/wp-content\/uploads\/2023\/12\/605347b27038f.png);background-size:cover;\"> \n    <\/div>\n    <\/a>\n<a href=\"#uc_owl_sliding_thumbs_gallery_elementor_ff7e65d_item3\" class=\"ue-thumb-holder\">\n<div class=\"item ue-thumb\" style=\"background-image:url(https:\/\/purepower-egypt.com\/wp-content\/uploads\/2023\/12\/605347cd519e8.png);background-size:cover;\"> \n    <\/div>\n    <\/a>\n<a href=\"#uc_owl_sliding_thumbs_gallery_elementor_ff7e65d_item4\" class=\"ue-thumb-holder\">\n<div class=\"item ue-thumb\" style=\"background-image:url(https:\/\/purepower-egypt.com\/wp-content\/uploads\/2023\/12\/605347d9f30ee.png);background-size:cover;\"> \n    <\/div>\n    <\/a>\n\n    <\/div>\n\n  <\/div>\n\n<\/div>\n\t\t\t<!-- end Thumbnail Slider -->\t\t\t\t<\/div>\n\t\t\t\t<\/div>\n\t\t\t\t\t<\/div>\n\t\t<\/div>\n\t\t\t\t\t<\/div>\n\t\t<\/section>\n\t\t\t\t<section class=\"elementor-section elementor-top-section elementor-element elementor-element-2ee56f7 elementor-section-boxed elementor-section-height-default elementor-section-height-default\" data-id=\"2ee56f7\" data-element_type=\"section\" data-e-type=\"section\">\n\t\t\t\t\t\t<div class=\"elementor-container elementor-column-gap-default\">\n\t\t\t\t\t<div class=\"elementor-column elementor-col-100 elementor-top-column elementor-element elementor-element-8df1091\" data-id=\"8df1091\" data-element_type=\"column\" data-e-type=\"column\">\n\t\t\t<div class=\"elementor-widget-wrap elementor-element-populated\">\n\t\t\t\t\t\t<div class=\"elementor-element elementor-element-7e2c87c elementor-widget elementor-widget-image\" data-id=\"7e2c87c\" data-element_type=\"widget\" data-e-type=\"widget\" data-widget_type=\"image.default\">\n\t\t\t\t<div class=\"elementor-widget-container\">\n\t\t\t\t\t\t\t\t\t\t\t\t\t\t\t<img loading=\"lazy\" decoding=\"async\" loading=\"lazy\" width=\"800\" height=\"293\" src=\"https:\/\/purepower-egypt.com\/wp-content\/uploads\/2023\/11\/5d5e6a74d8603.jpg\" class=\"attachment-large size-large wp-image-4597\" alt=\"Inventers VFD\" srcset=\"https:\/\/purepower-egypt.com\/wp-content\/uploads\/2023\/11\/5d5e6a74d8603.jpg 800w, https:\/\/purepower-egypt.com\/wp-content\/uploads\/2023\/11\/5d5e6a74d8603-300x110.jpg 300w, https:\/\/purepower-egypt.com\/wp-content\/uploads\/2023\/11\/5d5e6a74d8603-768x281.jpg 768w\" sizes=\"auto, (max-width: 800px) 100vw, 800px\" \/>\t\t\t\t\t\t\t\t\t\t\t\t\t\t\t<\/div>\n\t\t\t\t<\/div>\n\t\t\t\t<div class=\"elementor-element elementor-element-603a871 elementor-widget elementor-widget-text-editor\" data-id=\"603a871\" data-element_type=\"widget\" data-e-type=\"widget\" data-widget_type=\"text-editor.default\">\n\t\t\t\t<div class=\"elementor-widget-container\">\n\t\t\t\t\t\t\t\t\t<p>Principales caract\u00e9ristiques : (Plage de puissance : 0,75 kW \u00e0 11 kW 220 V, 0,75 kW \u00e0 400 kW 380 V)<\/p><p>1 Fonction MPPT int\u00e9gr\u00e9e et efficacit\u00e9 pouvant atteindre 99,6%.<\/p><p>2 Could drive both AM and PMSM pump<\/p><p>3. Une technologie logicielle avanc\u00e9e et parfaite pour piloter une pompe PMSM.<\/p><p>4 Perfect stability in output frequency<\/p><p>5 Syst\u00e8me de t\u00e9l\u00e9commande et de surveillance par syst\u00e8me GPRS (disponible sur PC et mobile)<\/p><p>6 Dry run function to protect the pump<\/p><p>7 Automatic start and stop function<\/p><p>La prise en charge des sources d&#8217;alimentation en courant continu (DC) et en courant alternatif (AC) est accept\u00e9e.<\/p><p>Entr\u00e9e de basse tension jusqu&#8217;\u00e0 60VDC pour une solution de pompe 110V\/220V.<\/p>\t\t\t\t\t\t\t\t<\/div>\n\t\t\t\t<\/div>\n\t\t\t\t<div class=\"elementor-element elementor-element-4db75a6 elementor-widget elementor-widget-image\" data-id=\"4db75a6\" data-element_type=\"widget\" data-e-type=\"widget\" data-widget_type=\"image.default\">\n\t\t\t\t<div class=\"elementor-widget-container\">\n\t\t\t\t\t\t\t\t\t\t\t\t\t\t\t<img loading=\"lazy\" decoding=\"async\" loading=\"lazy\" width=\"800\" height=\"737\" src=\"https:\/\/purepower-egypt.com\/wp-content\/uploads\/2023\/11\/Screenshot-2023-11-22-171051.jpg\" class=\"attachment-large size-large wp-image-4599\" alt=\"Inventers VFD\" srcset=\"https:\/\/purepower-egypt.com\/wp-content\/uploads\/2023\/11\/Screenshot-2023-11-22-171051.jpg 918w, https:\/\/purepower-egypt.com\/wp-content\/uploads\/2023\/11\/Screenshot-2023-11-22-171051-300x276.jpg 300w, https:\/\/purepower-egypt.com\/wp-content\/uploads\/2023\/11\/Screenshot-2023-11-22-171051-768x708.jpg 768w\" sizes=\"auto, (max-width: 800px) 100vw, 800px\" \/>\t\t\t\t\t\t\t\t\t\t\t\t\t\t\t<\/div>\n\t\t\t\t<\/div>\n\t\t\t\t<div class=\"elementor-element elementor-element-e5634f6 elementor-widget elementor-widget-image\" data-id=\"e5634f6\" data-element_type=\"widget\" data-e-type=\"widget\" data-widget_type=\"image.default\">\n\t\t\t\t<div class=\"elementor-widget-container\">\n\t\t\t\t\t\t\t\t\t\t\t\t\t\t\t<img loading=\"lazy\" decoding=\"async\" loading=\"lazy\" width=\"800\" height=\"383\" src=\"https:\/\/purepower-egypt.com\/wp-content\/uploads\/2023\/11\/Screenshot-2023-11-22-171109.jpg\" class=\"attachment-large size-large wp-image-4600\" alt=\"Inventers VFD\" srcset=\"https:\/\/purepower-egypt.com\/wp-content\/uploads\/2023\/11\/Screenshot-2023-11-22-171109.jpg 919w, https:\/\/purepower-egypt.com\/wp-content\/uploads\/2023\/11\/Screenshot-2023-11-22-171109-300x144.jpg 300w, https:\/\/purepower-egypt.com\/wp-content\/uploads\/2023\/11\/Screenshot-2023-11-22-171109-768x368.jpg 768w\" sizes=\"auto, (max-width: 800px) 100vw, 800px\" \/>\t\t\t\t\t\t\t\t\t\t\t\t\t\t\t<\/div>\n\t\t\t\t<\/div>\n\t\t\t\t<div class=\"elementor-element elementor-element-bc8eeb6 elementor-widget elementor-widget-image\" data-id=\"bc8eeb6\" data-element_type=\"widget\" data-e-type=\"widget\" data-widget_type=\"image.default\">\n\t\t\t\t<div class=\"elementor-widget-container\">\n\t\t\t\t\t\t\t\t\t\t\t\t\t\t\t<img loading=\"lazy\" decoding=\"async\" loading=\"lazy\" width=\"545\" height=\"639\" src=\"https:\/\/purepower-egypt.com\/wp-content\/uploads\/2023\/11\/5d5e6ac536a7e-1.jpg\" class=\"attachment-large size-large wp-image-4601\" alt=\"Inventers VFD\" srcset=\"https:\/\/purepower-egypt.com\/wp-content\/uploads\/2023\/11\/5d5e6ac536a7e-1.jpg 545w, https:\/\/purepower-egypt.com\/wp-content\/uploads\/2023\/11\/5d5e6ac536a7e-1-256x300.jpg 256w\" sizes=\"auto, (max-width: 545px) 100vw, 545px\" \/>\t\t\t\t\t\t\t\t\t\t\t\t\t\t\t<\/div>\n\t\t\t\t<\/div>\n\t\t\t\t\t<\/div>\n\t\t<\/div>\n\t\t\t\t\t<\/div>\n\t\t<\/section>\n\t\t\t\t<\/div>\n\t\t","protected":false},"excerpt":{"rendered":"<p>Onduleur de pompe solaire PH380 Plage de puissance\u00a0: 220V -2S model: 0.75-11kw,input 150VDC-450VDC 380V -4T model: 0.75-400KW,input 350V-800VDC 460V -5T model: 0.75-400KW,input 350V-900VDC Principales caract\u00e9ristiques : (Plage de puissance : 0,75 kW \u00e0 11 kW 220 V, 0,75 kW \u00e0 400 kW 380 V) 1 Fonction MPPT int\u00e9gr\u00e9e et efficacit\u00e9 pouvant atteindre 99,6%. 2 Could [&hellip;]<\/p>\n","protected":false},"author":1,"featured_media":9342,"parent":0,"menu_order":0,"comment_status":"closed","ping_status":"closed","template":"","meta":{"nf_dc_page":"","footnotes":""},"class_list":["post-4595","page","type-page","status-publish","has-post-thumbnail","hentry"],"yoast_head":"<!-- This site is optimized with the Yoast SEO plugin v27.4 - https:\/\/yoast.com\/product\/yoast-seo-wordpress\/ -->\n<title>Inventeurs VFD - Pure Power<\/title>\n<meta name=\"description\" content=\"B\u00e9n\u00e9ficiez d\u2019un contr\u00f4le avanc\u00e9 et d\u2019une efficacit\u00e9 \u00e9lev\u00e9e avec les VFD. Des solutions fiables pour tirer le meilleur parti de l\u2019\u00e9nergie solaire, fournies par Pure Power.\" \/>\n<meta name=\"robots\" content=\"index, follow, max-snippet:-1, max-image-preview:large, max-video-preview:-1\" \/>\n<link rel=\"canonical\" href=\"https:\/\/purepower-egypt.com\/fr\/inventers-vfd\/\" \/>\n<meta property=\"og:locale\" content=\"fr_FR\" \/>\n<meta property=\"og:type\" content=\"article\" \/>\n<meta property=\"og:title\" content=\"Inventeurs VFD - Pure Power\" \/>\n<meta property=\"og:description\" content=\"B\u00e9n\u00e9ficiez d\u2019un contr\u00f4le avanc\u00e9 et d\u2019une efficacit\u00e9 \u00e9lev\u00e9e avec les VFD. Des solutions fiables pour tirer le meilleur parti de l\u2019\u00e9nergie solaire, fournies par Pure Power.\" \/>\n<meta property=\"og:url\" content=\"https:\/\/purepower-egypt.com\/fr\/inventers-vfd\/\" \/>\n<meta property=\"og:site_name\" content=\"Pure Power\" \/>\n<meta property=\"article:modified_time\" content=\"2024-04-29T21:24:18+00:00\" \/>\n<meta property=\"og:image\" content=\"https:\/\/purepower-egypt.com\/wp-content\/uploads\/2024\/10\/HUAWEI-SMART-ENERGY-CONTROLLER.jpg\" \/>\n\t<meta property=\"og:image:width\" content=\"1385\" \/>\n\t<meta property=\"og:image:height\" content=\"758\" \/>\n\t<meta property=\"og:image:type\" content=\"image\/jpeg\" \/>\n<meta name=\"twitter:card\" content=\"summary_large_image\" \/>\n<meta name=\"twitter:label1\" content=\"Dur\u00e9e de lecture estim\u00e9e\" \/>\n\t<meta name=\"twitter:data1\" content=\"2 minutes\" \/>\n<script type=\"application\/ld+json\" class=\"yoast-schema-graph\">{\"@context\":\"https:\\\/\\\/schema.org\",\"@graph\":[{\"@type\":\"WebPage\",\"@id\":\"https:\\\/\\\/purepower-egypt.com\\\/fr\\\/inventers-vfd\\\/\",\"url\":\"https:\\\/\\\/purepower-egypt.com\\\/fr\\\/inventers-vfd\\\/\",\"name\":\"Inventeurs VFD - Pure Power\",\"isPartOf\":{\"@id\":\"https:\\\/\\\/purepower-egypt.com\\\/fr\\\/#website\"},\"primaryImageOfPage\":{\"@id\":\"https:\\\/\\\/purepower-egypt.com\\\/fr\\\/inventers-vfd\\\/#primaryimage\"},\"image\":{\"@id\":\"https:\\\/\\\/purepower-egypt.com\\\/fr\\\/inventers-vfd\\\/#primaryimage\"},\"thumbnailUrl\":\"https:\\\/\\\/purepower-egypt.com\\\/wp-content\\\/uploads\\\/2024\\\/10\\\/HUAWEI-SMART-ENERGY-CONTROLLER.jpg\",\"datePublished\":\"2023-11-19T18:26:28+00:00\",\"dateModified\":\"2024-04-29T21:24:18+00:00\",\"description\":\"B\u00e9n\u00e9ficiez d\u2019un contr\u00f4le avanc\u00e9 et d\u2019une efficacit\u00e9 \u00e9lev\u00e9e avec les VFD. Des solutions fiables pour tirer le meilleur parti de l\u2019\u00e9nergie solaire, fournies par Pure Power.\",\"breadcrumb\":{\"@id\":\"https:\\\/\\\/purepower-egypt.com\\\/fr\\\/inventers-vfd\\\/#breadcrumb\"},\"inLanguage\":\"fr-FR\",\"potentialAction\":[{\"@type\":\"ReadAction\",\"target\":[\"https:\\\/\\\/purepower-egypt.com\\\/fr\\\/inventers-vfd\\\/\"]}]},{\"@type\":\"ImageObject\",\"inLanguage\":\"fr-FR\",\"@id\":\"https:\\\/\\\/purepower-egypt.com\\\/fr\\\/inventers-vfd\\\/#primaryimage\",\"url\":\"https:\\\/\\\/purepower-egypt.com\\\/wp-content\\\/uploads\\\/2024\\\/10\\\/HUAWEI-SMART-ENERGY-CONTROLLER.jpg\",\"contentUrl\":\"https:\\\/\\\/purepower-egypt.com\\\/wp-content\\\/uploads\\\/2024\\\/10\\\/HUAWEI-SMART-ENERGY-CONTROLLER.jpg\",\"width\":1385,\"height\":758,\"caption\":\"HUAWEI SMART ENERGY CONTROLLER\"},{\"@type\":\"BreadcrumbList\",\"@id\":\"https:\\\/\\\/purepower-egypt.com\\\/fr\\\/inventers-vfd\\\/#breadcrumb\",\"itemListElement\":[{\"@type\":\"ListItem\",\"position\":1,\"name\":\"\u0627\u0644\u0631\u0626\u064a\u0633\u064a\u0629\",\"item\":\"https:\\\/\\\/purepower-egypt.com\\\/fr\\\/\"},{\"@type\":\"ListItem\",\"position\":2,\"name\":\"Inventeurs VFD\"}]},{\"@type\":\"WebSite\",\"@id\":\"https:\\\/\\\/purepower-egypt.com\\\/fr\\\/#website\",\"url\":\"https:\\\/\\\/purepower-egypt.com\\\/fr\\\/\",\"name\":\"Pure Power\",\"description\":\"\u0628\u064a\u0648\u0631 \u0628\u0627\u0648\u0631 \u0634\u0631\u0643\u0629 \u0631\u0627\u0626\u062f\u0629 \u0641\u064a \u0645\u062c\u0627\u0644 \u0627\u0644\u0637\u0627\u0642\u0629 \u0627\u0644\u0634\u0645\u0633\u064a\u0629 \u0627\u0644\u0645\u0628\u062a\u0643\u0631\u0629 \u0645\u0646\u0630 \u0627\u0643\u062b\u0631 \u0645\u0646 \u0661\u0660 \u0633\u0646\u0648\u0627\u062a\",\"publisher\":{\"@id\":\"https:\\\/\\\/purepower-egypt.com\\\/fr\\\/#organization\"},\"potentialAction\":[{\"@type\":\"SearchAction\",\"target\":{\"@type\":\"EntryPoint\",\"urlTemplate\":\"https:\\\/\\\/purepower-egypt.com\\\/fr\\\/?s={search_term_string}\"},\"query-input\":{\"@type\":\"PropertyValueSpecification\",\"valueRequired\":true,\"valueName\":\"search_term_string\"}}],\"inLanguage\":\"fr-FR\"},{\"@type\":\"Organization\",\"@id\":\"https:\\\/\\\/purepower-egypt.com\\\/fr\\\/#organization\",\"name\":\"Pure Power\",\"url\":\"https:\\\/\\\/purepower-egypt.com\\\/fr\\\/\",\"logo\":{\"@type\":\"ImageObject\",\"inLanguage\":\"fr-FR\",\"@id\":\"https:\\\/\\\/purepower-egypt.com\\\/fr\\\/#\\\/schema\\\/logo\\\/image\\\/\",\"url\":\"https:\\\/\\\/purepower-egypt.com\\\/\\\/wp-content\\\/uploads\\\/2024\\\/04\\\/\u0634\u0631\u0643\u0629-\u0628\u064a\u0648\u0631-\u0628\u0627\u0648\u0631-\u0644\u062d\u0644\u0648\u0644-\u0627\u0644\u0637\u0627\u0642\u0629-\u0627\u0644\u0634\u0645\u0633\u064a\u0629.jpg\",\"contentUrl\":\"https:\\\/\\\/purepower-egypt.com\\\/\\\/wp-content\\\/uploads\\\/2024\\\/04\\\/\u0634\u0631\u0643\u0629-\u0628\u064a\u0648\u0631-\u0628\u0627\u0648\u0631-\u0644\u062d\u0644\u0648\u0644-\u0627\u0644\u0637\u0627\u0642\u0629-\u0627\u0644\u0634\u0645\u0633\u064a\u0629.jpg\",\"width\":1000,\"height\":1000,\"caption\":\"Pure Power\"},\"image\":{\"@id\":\"https:\\\/\\\/purepower-egypt.com\\\/fr\\\/#\\\/schema\\\/logo\\\/image\\\/\"}}]}<\/script>\n<!-- \/ Yoast SEO plugin. -->","yoast_head_json":{"title":"Inventeurs VFD - Pure Power","description":"B\u00e9n\u00e9ficiez d\u2019un contr\u00f4le avanc\u00e9 et d\u2019une efficacit\u00e9 \u00e9lev\u00e9e avec les VFD. Des solutions fiables pour tirer le meilleur parti de l\u2019\u00e9nergie solaire, fournies par Pure Power.","robots":{"index":"index","follow":"follow","max-snippet":"max-snippet:-1","max-image-preview":"max-image-preview:large","max-video-preview":"max-video-preview:-1"},"canonical":"https:\/\/purepower-egypt.com\/fr\/inventers-vfd\/","og_locale":"fr_FR","og_type":"article","og_title":"Inventeurs VFD - Pure Power","og_description":"B\u00e9n\u00e9ficiez d\u2019un contr\u00f4le avanc\u00e9 et d\u2019une efficacit\u00e9 \u00e9lev\u00e9e avec les VFD. Des solutions fiables pour tirer le meilleur parti de l\u2019\u00e9nergie solaire, fournies par Pure Power.","og_url":"https:\/\/purepower-egypt.com\/fr\/inventers-vfd\/","og_site_name":"Pure Power","article_modified_time":"2024-04-29T21:24:18+00:00","og_image":[{"width":1385,"height":758,"url":"https:\/\/purepower-egypt.com\/wp-content\/uploads\/2024\/10\/HUAWEI-SMART-ENERGY-CONTROLLER.jpg","type":"image\/jpeg"}],"twitter_card":"summary_large_image","twitter_misc":{"Dur\u00e9e de lecture estim\u00e9e":"2 minutes"},"schema":{"@context":"https:\/\/schema.org","@graph":[{"@type":"WebPage","@id":"https:\/\/purepower-egypt.com\/fr\/inventers-vfd\/","url":"https:\/\/purepower-egypt.com\/fr\/inventers-vfd\/","name":"Inventeurs VFD - Pure Power","isPartOf":{"@id":"https:\/\/purepower-egypt.com\/fr\/#website"},"primaryImageOfPage":{"@id":"https:\/\/purepower-egypt.com\/fr\/inventers-vfd\/#primaryimage"},"image":{"@id":"https:\/\/purepower-egypt.com\/fr\/inventers-vfd\/#primaryimage"},"thumbnailUrl":"https:\/\/purepower-egypt.com\/wp-content\/uploads\/2024\/10\/HUAWEI-SMART-ENERGY-CONTROLLER.jpg","datePublished":"2023-11-19T18:26:28+00:00","dateModified":"2024-04-29T21:24:18+00:00","description":"B\u00e9n\u00e9ficiez d\u2019un contr\u00f4le avanc\u00e9 et d\u2019une efficacit\u00e9 \u00e9lev\u00e9e avec les VFD. Des solutions fiables pour tirer le meilleur parti de l\u2019\u00e9nergie solaire, fournies par Pure Power.","breadcrumb":{"@id":"https:\/\/purepower-egypt.com\/fr\/inventers-vfd\/#breadcrumb"},"inLanguage":"fr-FR","potentialAction":[{"@type":"ReadAction","target":["https:\/\/purepower-egypt.com\/fr\/inventers-vfd\/"]}]},{"@type":"ImageObject","inLanguage":"fr-FR","@id":"https:\/\/purepower-egypt.com\/fr\/inventers-vfd\/#primaryimage","url":"https:\/\/purepower-egypt.com\/wp-content\/uploads\/2024\/10\/HUAWEI-SMART-ENERGY-CONTROLLER.jpg","contentUrl":"https:\/\/purepower-egypt.com\/wp-content\/uploads\/2024\/10\/HUAWEI-SMART-ENERGY-CONTROLLER.jpg","width":1385,"height":758,"caption":"HUAWEI SMART ENERGY CONTROLLER"},{"@type":"BreadcrumbList","@id":"https:\/\/purepower-egypt.com\/fr\/inventers-vfd\/#breadcrumb","itemListElement":[{"@type":"ListItem","position":1,"name":"\u0627\u0644\u0631\u0626\u064a\u0633\u064a\u0629","item":"https:\/\/purepower-egypt.com\/fr\/"},{"@type":"ListItem","position":2,"name":"Inventeurs VFD"}]},{"@type":"WebSite","@id":"https:\/\/purepower-egypt.com\/fr\/#website","url":"https:\/\/purepower-egypt.com\/fr\/","name":"Pure Power","description":"\u0628\u064a\u0648\u0631 \u0628\u0627\u0648\u0631 \u0634\u0631\u0643\u0629 \u0631\u0627\u0626\u062f\u0629 \u0641\u064a \u0645\u062c\u0627\u0644 \u0627\u0644\u0637\u0627\u0642\u0629 \u0627\u0644\u0634\u0645\u0633\u064a\u0629 \u0627\u0644\u0645\u0628\u062a\u0643\u0631\u0629 \u0645\u0646\u0630 \u0627\u0643\u062b\u0631 \u0645\u0646 \u0661\u0660 \u0633\u0646\u0648\u0627\u062a","publisher":{"@id":"https:\/\/purepower-egypt.com\/fr\/#organization"},"potentialAction":[{"@type":"SearchAction","target":{"@type":"EntryPoint","urlTemplate":"https:\/\/purepower-egypt.com\/fr\/?s={search_term_string}"},"query-input":{"@type":"PropertyValueSpecification","valueRequired":true,"valueName":"search_term_string"}}],"inLanguage":"fr-FR"},{"@type":"Organization","@id":"https:\/\/purepower-egypt.com\/fr\/#organization","name":"Pure Power","url":"https:\/\/purepower-egypt.com\/fr\/","logo":{"@type":"ImageObject","inLanguage":"fr-FR","@id":"https:\/\/purepower-egypt.com\/fr\/#\/schema\/logo\/image\/","url":"https:\/\/purepower-egypt.com\/\/wp-content\/uploads\/2024\/04\/\u0634\u0631\u0643\u0629-\u0628\u064a\u0648\u0631-\u0628\u0627\u0648\u0631-\u0644\u062d\u0644\u0648\u0644-\u0627\u0644\u0637\u0627\u0642\u0629-\u0627\u0644\u0634\u0645\u0633\u064a\u0629.jpg","contentUrl":"https:\/\/purepower-egypt.com\/\/wp-content\/uploads\/2024\/04\/\u0634\u0631\u0643\u0629-\u0628\u064a\u0648\u0631-\u0628\u0627\u0648\u0631-\u0644\u062d\u0644\u0648\u0644-\u0627\u0644\u0637\u0627\u0642\u0629-\u0627\u0644\u0634\u0645\u0633\u064a\u0629.jpg","width":1000,"height":1000,"caption":"Pure Power"},"image":{"@id":"https:\/\/purepower-egypt.com\/fr\/#\/schema\/logo\/image\/"}}]}},"_links":{"self":[{"href":"https:\/\/purepower-egypt.com\/fr\/wp-json\/wp\/v2\/pages\/4595","targetHints":{"allow":["GET"]}}],"collection":[{"href":"https:\/\/purepower-egypt.com\/fr\/wp-json\/wp\/v2\/pages"}],"about":[{"href":"https:\/\/purepower-egypt.com\/fr\/wp-json\/wp\/v2\/types\/page"}],"author":[{"embeddable":true,"href":"https:\/\/purepower-egypt.com\/fr\/wp-json\/wp\/v2\/users\/1"}],"replies":[{"embeddable":true,"href":"https:\/\/purepower-egypt.com\/fr\/wp-json\/wp\/v2\/comments?post=4595"}],"version-history":[{"count":0,"href":"https:\/\/purepower-egypt.com\/fr\/wp-json\/wp\/v2\/pages\/4595\/revisions"}],"wp:featuredmedia":[{"embeddable":true,"href":"https:\/\/purepower-egypt.com\/fr\/wp-json\/wp\/v2\/media\/9342"}],"wp:attachment":[{"href":"https:\/\/purepower-egypt.com\/fr\/wp-json\/wp\/v2\/media?parent=4595"}],"curies":[{"name":"wp","href":"https:\/\/api.w.org\/{rel}","templated":true}]}}