{"id":4588,"date":"2023-11-19T18:26:05","date_gmt":"2023-11-19T18:26:05","guid":{"rendered":"https:\/\/purepower-egypt.com\/dc-cables\/"},"modified":"2024-04-29T21:20:51","modified_gmt":"2024-04-29T21:20:51","slug":"dc-cables","status":"publish","type":"page","link":"https:\/\/purepower-egypt.com\/fr\/dc-cables\/","title":{"rendered":"DC C\u00e2bles"},"content":{"rendered":"\t\t<div data-elementor-type=\"wp-page\" data-elementor-id=\"4588\" class=\"elementor elementor-4588 elementor-228\" data-elementor-post-type=\"page\">\n\t\t\t\t\t\t<section class=\"elementor-section elementor-top-section elementor-element elementor-element-7436317 elementor-section-boxed elementor-section-height-default elementor-section-height-default\" data-id=\"7436317\" data-element_type=\"section\" data-e-type=\"section\">\n\t\t\t\t\t\t<div class=\"elementor-container elementor-column-gap-default\">\n\t\t\t\t\t<div class=\"elementor-column elementor-col-100 elementor-top-column elementor-element elementor-element-2bf359e\" data-id=\"2bf359e\" data-element_type=\"column\" data-e-type=\"column\">\n\t\t\t<div class=\"elementor-widget-wrap elementor-element-populated\">\n\t\t\t\t\t\t<div class=\"elementor-element elementor-element-c1fa4de elementor-widget elementor-widget-image\" data-id=\"c1fa4de\" data-element_type=\"widget\" data-e-type=\"widget\" data-widget_type=\"image.default\">\n\t\t\t\t<div class=\"elementor-widget-container\">\n\t\t\t\t\t\t\t\t\t\t\t\t\t\t\t<img loading=\"lazy\" decoding=\"async\" loading=\"lazy\" width=\"666\" height=\"375\" src=\"https:\/\/purepower-egypt.com\/wp-content\/uploads\/2023\/11\/urun-gorseli_image1_1627543845_solar2-removebg-preview.png\" class=\"attachment-large size-large wp-image-4589\" alt=\"DC Cables\" srcset=\"https:\/\/purepower-egypt.com\/wp-content\/uploads\/2023\/11\/urun-gorseli_image1_1627543845_solar2-removebg-preview.png 666w, https:\/\/purepower-egypt.com\/wp-content\/uploads\/2023\/11\/urun-gorseli_image1_1627543845_solar2-removebg-preview-300x169.png 300w\" sizes=\"auto, (max-width: 666px) 100vw, 666px\" \/>\t\t\t\t\t\t\t\t\t\t\t\t\t\t\t<\/div>\n\t\t\t\t<\/div>\n\t\t\t\t\t<\/div>\n\t\t<\/div>\n\t\t\t\t\t<\/div>\n\t\t<\/section>\n\t\t\t\t<section class=\"elementor-section elementor-top-section elementor-element elementor-element-ec0b0a7 elementor-section-boxed elementor-section-height-default elementor-section-height-default\" data-id=\"ec0b0a7\" data-element_type=\"section\" data-e-type=\"section\">\n\t\t\t\t\t\t<div class=\"elementor-container elementor-column-gap-default\">\n\t\t\t\t\t<div class=\"elementor-column elementor-col-100 elementor-top-column elementor-element elementor-element-3b32cff\" data-id=\"3b32cff\" data-element_type=\"column\" data-e-type=\"column\">\n\t\t\t<div class=\"elementor-widget-wrap elementor-element-populated\">\n\t\t\t\t\t\t<div class=\"elementor-element elementor-element-d030826 elementor-widget elementor-widget-text-editor\" data-id=\"d030826\" data-element_type=\"widget\" data-e-type=\"widget\" data-widget_type=\"text-editor.default\">\n\t\t\t\t<div class=\"elementor-widget-container\">\n\t\t\t\t\t\t\t\t\t<p>Il convient d&#8217;\u00eatre utilis\u00e9 dans des installations fixes, non mobiles \u00e0 l&#8217;int\u00e9rieur et \u00e0 l&#8217;ext\u00e9rieur, \u00e0 l&#8217;int\u00e9rieur des tuyaux et des conduites et dans des syst\u00e8mes clos similaires. Il est con\u00e7u pour faciliter les connexions de divers \u00e9l\u00e9ments de syst\u00e8me photovolta\u00efque, tels que les panneaux solaires.<\/p>\t\t\t\t\t\t\t\t<\/div>\n\t\t\t\t<\/div>\n\t\t\t\t<div class=\"elementor-element elementor-element-0d9381d elementor-widget elementor-widget-text-editor\" data-id=\"0d9381d\" data-element_type=\"widget\" data-e-type=\"widget\" data-widget_type=\"text-editor.default\">\n\t\t\t\t<div class=\"elementor-widget-container\">\n\t\t\t\t\t\t\t\t\t<p>Le conducteur de c\u00e2ble utilis\u00e9 est en cuivre conducteur \u00e9lectrolytique \u00e9tam\u00e9, \u00e0 structure de classe 5, form\u00e9 de brins fins et torsad\u00e9, conforme \u00e0 la norme EN 60228. Nos mat\u00e9riaux plastiques utilis\u00e9s sont ignifuges, ne contiennent pas de gaz halog\u00e9n\u00e9s et pr\u00e9sentent une structure r\u00e9ticul\u00e9e.<\/p>\t\t\t\t\t\t\t\t<\/div>\n\t\t\t\t<\/div>\n\t\t\t\t<div class=\"elementor-element elementor-element-c6b9b94 elementor-widget elementor-widget-image\" data-id=\"c6b9b94\" data-element_type=\"widget\" data-e-type=\"widget\" data-widget_type=\"image.default\">\n\t\t\t\t<div class=\"elementor-widget-container\">\n\t\t\t\t\t\t\t\t\t\t\t\t\t\t\t<img loading=\"lazy\" decoding=\"async\" loading=\"lazy\" width=\"752\" height=\"566\" src=\"https:\/\/purepower-egypt.com\/wp-content\/uploads\/2023\/11\/H1Z2Z2-K-TABLO-1.png\" class=\"attachment-large size-large wp-image-4590\" alt=\"DC Cables\" srcset=\"https:\/\/purepower-egypt.com\/wp-content\/uploads\/2023\/11\/H1Z2Z2-K-TABLO-1.png 752w, https:\/\/purepower-egypt.com\/wp-content\/uploads\/2023\/11\/H1Z2Z2-K-TABLO-1-300x226.png 300w\" sizes=\"auto, (max-width: 752px) 100vw, 752px\" \/>\t\t\t\t\t\t\t\t\t\t\t\t\t\t\t<\/div>\n\t\t\t\t<\/div>\n\t\t\t\t<div class=\"elementor-element elementor-element-4c4f99c elementor-widget elementor-widget-text-editor\" data-id=\"4c4f99c\" data-element_type=\"widget\" data-e-type=\"widget\" data-widget_type=\"text-editor.default\">\n\t\t\t\t<div class=\"elementor-widget-container\">\n\t\t\t\t\t\t\t\t\t<p>Le conducteur de c\u00e2ble utilis\u00e9 est en cuivre conducteur \u00e9lectrolytique \u00e9tam\u00e9, \u00e0 structure de classe 5, form\u00e9 de brins fins et torsad\u00e9, conforme \u00e0 la norme EN 60228. Nos mat\u00e9riaux plastiques utilis\u00e9s sont ignifuges, ne contiennent pas de gaz halog\u00e9n\u00e9s et pr\u00e9sentent une structure r\u00e9ticul\u00e9e.<\/p>\t\t\t\t\t\t\t\t<\/div>\n\t\t\t\t<\/div>\n\t\t\t\t\t<\/div>\n\t\t<\/div>\n\t\t\t\t\t<\/div>\n\t\t<\/section>\n\t\t\t\t<\/div>\n\t\t","protected":false},"excerpt":{"rendered":"<p>Il convient d&#8217;\u00eatre utilis\u00e9 dans des installations fixes, non mobiles \u00e0 l&#8217;int\u00e9rieur et \u00e0 l&#8217;ext\u00e9rieur, \u00e0 l&#8217;int\u00e9rieur des tuyaux et des conduites et dans des syst\u00e8mes clos similaires. Il est con\u00e7u pour faciliter les connexions de divers \u00e9l\u00e9ments de syst\u00e8me photovolta\u00efque, tels que les panneaux solaires. Le conducteur de c\u00e2ble utilis\u00e9 est en cuivre conducteur [&hellip;]<\/p>\n","protected":false},"author":1,"featured_media":4589,"parent":0,"menu_order":0,"comment_status":"closed","ping_status":"closed","template":"","meta":{"nf_dc_page":"","footnotes":""},"class_list":["post-4588","page","type-page","status-publish","has-post-thumbnail","hentry"],"yoast_head":"<!-- This site is optimized with the Yoast SEO plugin v27.4 - https:\/\/yoast.com\/product\/yoast-seo-wordpress\/ -->\n<title>DC C\u00e2bles - Pure Power<\/title>\n<meta name=\"description\" content=\"D\u00e9couvrez notre gamme de c\u00e2bles tampons CC haut de gamme pour une transmission efficace et s\u00fbre de l&#039;\u00e9nergie solaire. Solutions de haute qualit\u00e9 de Pure Power Renewable Energy.\" \/>\n<meta name=\"robots\" content=\"index, follow, max-snippet:-1, max-image-preview:large, max-video-preview:-1\" \/>\n<link rel=\"canonical\" href=\"https:\/\/purepower-egypt.com\/fr\/dc-cables\/\" \/>\n<meta property=\"og:locale\" content=\"fr_FR\" \/>\n<meta property=\"og:type\" content=\"article\" \/>\n<meta property=\"og:title\" content=\"DC C\u00e2bles - Pure Power\" \/>\n<meta property=\"og:description\" content=\"D\u00e9couvrez notre gamme de c\u00e2bles tampons CC haut de gamme pour une transmission efficace et s\u00fbre de l&#039;\u00e9nergie solaire. Solutions de haute qualit\u00e9 de Pure Power Renewable Energy.\" \/>\n<meta property=\"og:url\" content=\"https:\/\/purepower-egypt.com\/fr\/dc-cables\/\" \/>\n<meta property=\"og:site_name\" content=\"Pure Power\" \/>\n<meta property=\"article:modified_time\" content=\"2024-04-29T21:20:51+00:00\" \/>\n<meta property=\"og:image\" content=\"https:\/\/purepower-egypt.com\/wp-content\/uploads\/2023\/11\/urun-gorseli_image1_1627543845_solar2-removebg-preview.png\" \/>\n\t<meta property=\"og:image:width\" content=\"666\" \/>\n\t<meta property=\"og:image:height\" content=\"375\" \/>\n\t<meta property=\"og:image:type\" content=\"image\/png\" \/>\n<meta name=\"twitter:card\" content=\"summary_large_image\" \/>\n<meta name=\"twitter:label1\" content=\"Dur\u00e9e de lecture estim\u00e9e\" \/>\n\t<meta name=\"twitter:data1\" content=\"2 minutes\" \/>\n<script type=\"application\/ld+json\" class=\"yoast-schema-graph\">{\"@context\":\"https:\\\/\\\/schema.org\",\"@graph\":[{\"@type\":\"WebPage\",\"@id\":\"https:\\\/\\\/purepower-egypt.com\\\/fr\\\/dc-cables\\\/\",\"url\":\"https:\\\/\\\/purepower-egypt.com\\\/fr\\\/dc-cables\\\/\",\"name\":\"DC C\u00e2bles - Pure Power\",\"isPartOf\":{\"@id\":\"https:\\\/\\\/purepower-egypt.com\\\/fr\\\/#website\"},\"primaryImageOfPage\":{\"@id\":\"https:\\\/\\\/purepower-egypt.com\\\/fr\\\/dc-cables\\\/#primaryimage\"},\"image\":{\"@id\":\"https:\\\/\\\/purepower-egypt.com\\\/fr\\\/dc-cables\\\/#primaryimage\"},\"thumbnailUrl\":\"https:\\\/\\\/purepower-egypt.com\\\/wp-content\\\/uploads\\\/2023\\\/11\\\/urun-gorseli_image1_1627543845_solar2-removebg-preview.png\",\"datePublished\":\"2023-11-19T18:26:05+00:00\",\"dateModified\":\"2024-04-29T21:20:51+00:00\",\"description\":\"D\u00e9couvrez notre gamme de c\u00e2bles tampons CC haut de gamme pour une transmission efficace et s\u00fbre de l'\u00e9nergie solaire. Solutions de haute qualit\u00e9 de Pure Power Renewable Energy.\",\"breadcrumb\":{\"@id\":\"https:\\\/\\\/purepower-egypt.com\\\/fr\\\/dc-cables\\\/#breadcrumb\"},\"inLanguage\":\"fr-FR\",\"potentialAction\":[{\"@type\":\"ReadAction\",\"target\":[\"https:\\\/\\\/purepower-egypt.com\\\/fr\\\/dc-cables\\\/\"]}]},{\"@type\":\"ImageObject\",\"inLanguage\":\"fr-FR\",\"@id\":\"https:\\\/\\\/purepower-egypt.com\\\/fr\\\/dc-cables\\\/#primaryimage\",\"url\":\"https:\\\/\\\/purepower-egypt.com\\\/wp-content\\\/uploads\\\/2023\\\/11\\\/urun-gorseli_image1_1627543845_solar2-removebg-preview.png\",\"contentUrl\":\"https:\\\/\\\/purepower-egypt.com\\\/wp-content\\\/uploads\\\/2023\\\/11\\\/urun-gorseli_image1_1627543845_solar2-removebg-preview.png\",\"width\":666,\"height\":375,\"caption\":\"DC Cables\"},{\"@type\":\"BreadcrumbList\",\"@id\":\"https:\\\/\\\/purepower-egypt.com\\\/fr\\\/dc-cables\\\/#breadcrumb\",\"itemListElement\":[{\"@type\":\"ListItem\",\"position\":1,\"name\":\"\u0627\u0644\u0631\u0626\u064a\u0633\u064a\u0629\",\"item\":\"https:\\\/\\\/purepower-egypt.com\\\/fr\\\/\"},{\"@type\":\"ListItem\",\"position\":2,\"name\":\"DC C\u00e2bles\"}]},{\"@type\":\"WebSite\",\"@id\":\"https:\\\/\\\/purepower-egypt.com\\\/fr\\\/#website\",\"url\":\"https:\\\/\\\/purepower-egypt.com\\\/fr\\\/\",\"name\":\"Pure Power\",\"description\":\"\u0628\u064a\u0648\u0631 \u0628\u0627\u0648\u0631 \u0634\u0631\u0643\u0629 \u0631\u0627\u0626\u062f\u0629 \u0641\u064a \u0645\u062c\u0627\u0644 \u0627\u0644\u0637\u0627\u0642\u0629 \u0627\u0644\u0634\u0645\u0633\u064a\u0629 \u0627\u0644\u0645\u0628\u062a\u0643\u0631\u0629 \u0645\u0646\u0630 \u0627\u0643\u062b\u0631 \u0645\u0646 \u0661\u0660 \u0633\u0646\u0648\u0627\u062a\",\"publisher\":{\"@id\":\"https:\\\/\\\/purepower-egypt.com\\\/fr\\\/#organization\"},\"potentialAction\":[{\"@type\":\"SearchAction\",\"target\":{\"@type\":\"EntryPoint\",\"urlTemplate\":\"https:\\\/\\\/purepower-egypt.com\\\/fr\\\/?s={search_term_string}\"},\"query-input\":{\"@type\":\"PropertyValueSpecification\",\"valueRequired\":true,\"valueName\":\"search_term_string\"}}],\"inLanguage\":\"fr-FR\"},{\"@type\":\"Organization\",\"@id\":\"https:\\\/\\\/purepower-egypt.com\\\/fr\\\/#organization\",\"name\":\"Pure Power\",\"url\":\"https:\\\/\\\/purepower-egypt.com\\\/fr\\\/\",\"logo\":{\"@type\":\"ImageObject\",\"inLanguage\":\"fr-FR\",\"@id\":\"https:\\\/\\\/purepower-egypt.com\\\/fr\\\/#\\\/schema\\\/logo\\\/image\\\/\",\"url\":\"https:\\\/\\\/purepower-egypt.com\\\/\\\/wp-content\\\/uploads\\\/2024\\\/04\\\/\u0634\u0631\u0643\u0629-\u0628\u064a\u0648\u0631-\u0628\u0627\u0648\u0631-\u0644\u062d\u0644\u0648\u0644-\u0627\u0644\u0637\u0627\u0642\u0629-\u0627\u0644\u0634\u0645\u0633\u064a\u0629.jpg\",\"contentUrl\":\"https:\\\/\\\/purepower-egypt.com\\\/\\\/wp-content\\\/uploads\\\/2024\\\/04\\\/\u0634\u0631\u0643\u0629-\u0628\u064a\u0648\u0631-\u0628\u0627\u0648\u0631-\u0644\u062d\u0644\u0648\u0644-\u0627\u0644\u0637\u0627\u0642\u0629-\u0627\u0644\u0634\u0645\u0633\u064a\u0629.jpg\",\"width\":1000,\"height\":1000,\"caption\":\"Pure Power\"},\"image\":{\"@id\":\"https:\\\/\\\/purepower-egypt.com\\\/fr\\\/#\\\/schema\\\/logo\\\/image\\\/\"}}]}<\/script>\n<!-- \/ Yoast SEO plugin. -->","yoast_head_json":{"title":"DC C\u00e2bles - Pure Power","description":"D\u00e9couvrez notre gamme de c\u00e2bles tampons CC haut de gamme pour une transmission efficace et s\u00fbre de l'\u00e9nergie solaire. Solutions de haute qualit\u00e9 de Pure Power Renewable Energy.","robots":{"index":"index","follow":"follow","max-snippet":"max-snippet:-1","max-image-preview":"max-image-preview:large","max-video-preview":"max-video-preview:-1"},"canonical":"https:\/\/purepower-egypt.com\/fr\/dc-cables\/","og_locale":"fr_FR","og_type":"article","og_title":"DC C\u00e2bles - Pure Power","og_description":"D\u00e9couvrez notre gamme de c\u00e2bles tampons CC haut de gamme pour une transmission efficace et s\u00fbre de l'\u00e9nergie solaire. Solutions de haute qualit\u00e9 de Pure Power Renewable Energy.","og_url":"https:\/\/purepower-egypt.com\/fr\/dc-cables\/","og_site_name":"Pure Power","article_modified_time":"2024-04-29T21:20:51+00:00","og_image":[{"width":666,"height":375,"url":"https:\/\/purepower-egypt.com\/wp-content\/uploads\/2023\/11\/urun-gorseli_image1_1627543845_solar2-removebg-preview.png","type":"image\/png"}],"twitter_card":"summary_large_image","twitter_misc":{"Dur\u00e9e de lecture estim\u00e9e":"2 minutes"},"schema":{"@context":"https:\/\/schema.org","@graph":[{"@type":"WebPage","@id":"https:\/\/purepower-egypt.com\/fr\/dc-cables\/","url":"https:\/\/purepower-egypt.com\/fr\/dc-cables\/","name":"DC C\u00e2bles - Pure Power","isPartOf":{"@id":"https:\/\/purepower-egypt.com\/fr\/#website"},"primaryImageOfPage":{"@id":"https:\/\/purepower-egypt.com\/fr\/dc-cables\/#primaryimage"},"image":{"@id":"https:\/\/purepower-egypt.com\/fr\/dc-cables\/#primaryimage"},"thumbnailUrl":"https:\/\/purepower-egypt.com\/wp-content\/uploads\/2023\/11\/urun-gorseli_image1_1627543845_solar2-removebg-preview.png","datePublished":"2023-11-19T18:26:05+00:00","dateModified":"2024-04-29T21:20:51+00:00","description":"D\u00e9couvrez notre gamme de c\u00e2bles tampons CC haut de gamme pour une transmission efficace et s\u00fbre de l'\u00e9nergie solaire. Solutions de haute qualit\u00e9 de Pure Power Renewable Energy.","breadcrumb":{"@id":"https:\/\/purepower-egypt.com\/fr\/dc-cables\/#breadcrumb"},"inLanguage":"fr-FR","potentialAction":[{"@type":"ReadAction","target":["https:\/\/purepower-egypt.com\/fr\/dc-cables\/"]}]},{"@type":"ImageObject","inLanguage":"fr-FR","@id":"https:\/\/purepower-egypt.com\/fr\/dc-cables\/#primaryimage","url":"https:\/\/purepower-egypt.com\/wp-content\/uploads\/2023\/11\/urun-gorseli_image1_1627543845_solar2-removebg-preview.png","contentUrl":"https:\/\/purepower-egypt.com\/wp-content\/uploads\/2023\/11\/urun-gorseli_image1_1627543845_solar2-removebg-preview.png","width":666,"height":375,"caption":"DC Cables"},{"@type":"BreadcrumbList","@id":"https:\/\/purepower-egypt.com\/fr\/dc-cables\/#breadcrumb","itemListElement":[{"@type":"ListItem","position":1,"name":"\u0627\u0644\u0631\u0626\u064a\u0633\u064a\u0629","item":"https:\/\/purepower-egypt.com\/fr\/"},{"@type":"ListItem","position":2,"name":"DC C\u00e2bles"}]},{"@type":"WebSite","@id":"https:\/\/purepower-egypt.com\/fr\/#website","url":"https:\/\/purepower-egypt.com\/fr\/","name":"Pure Power","description":"\u0628\u064a\u0648\u0631 \u0628\u0627\u0648\u0631 \u0634\u0631\u0643\u0629 \u0631\u0627\u0626\u062f\u0629 \u0641\u064a \u0645\u062c\u0627\u0644 \u0627\u0644\u0637\u0627\u0642\u0629 \u0627\u0644\u0634\u0645\u0633\u064a\u0629 \u0627\u0644\u0645\u0628\u062a\u0643\u0631\u0629 \u0645\u0646\u0630 \u0627\u0643\u062b\u0631 \u0645\u0646 \u0661\u0660 \u0633\u0646\u0648\u0627\u062a","publisher":{"@id":"https:\/\/purepower-egypt.com\/fr\/#organization"},"potentialAction":[{"@type":"SearchAction","target":{"@type":"EntryPoint","urlTemplate":"https:\/\/purepower-egypt.com\/fr\/?s={search_term_string}"},"query-input":{"@type":"PropertyValueSpecification","valueRequired":true,"valueName":"search_term_string"}}],"inLanguage":"fr-FR"},{"@type":"Organization","@id":"https:\/\/purepower-egypt.com\/fr\/#organization","name":"Pure Power","url":"https:\/\/purepower-egypt.com\/fr\/","logo":{"@type":"ImageObject","inLanguage":"fr-FR","@id":"https:\/\/purepower-egypt.com\/fr\/#\/schema\/logo\/image\/","url":"https:\/\/purepower-egypt.com\/\/wp-content\/uploads\/2024\/04\/\u0634\u0631\u0643\u0629-\u0628\u064a\u0648\u0631-\u0628\u0627\u0648\u0631-\u0644\u062d\u0644\u0648\u0644-\u0627\u0644\u0637\u0627\u0642\u0629-\u0627\u0644\u0634\u0645\u0633\u064a\u0629.jpg","contentUrl":"https:\/\/purepower-egypt.com\/\/wp-content\/uploads\/2024\/04\/\u0634\u0631\u0643\u0629-\u0628\u064a\u0648\u0631-\u0628\u0627\u0648\u0631-\u0644\u062d\u0644\u0648\u0644-\u0627\u0644\u0637\u0627\u0642\u0629-\u0627\u0644\u0634\u0645\u0633\u064a\u0629.jpg","width":1000,"height":1000,"caption":"Pure Power"},"image":{"@id":"https:\/\/purepower-egypt.com\/fr\/#\/schema\/logo\/image\/"}}]}},"_links":{"self":[{"href":"https:\/\/purepower-egypt.com\/fr\/wp-json\/wp\/v2\/pages\/4588","targetHints":{"allow":["GET"]}}],"collection":[{"href":"https:\/\/purepower-egypt.com\/fr\/wp-json\/wp\/v2\/pages"}],"about":[{"href":"https:\/\/purepower-egypt.com\/fr\/wp-json\/wp\/v2\/types\/page"}],"author":[{"embeddable":true,"href":"https:\/\/purepower-egypt.com\/fr\/wp-json\/wp\/v2\/users\/1"}],"replies":[{"embeddable":true,"href":"https:\/\/purepower-egypt.com\/fr\/wp-json\/wp\/v2\/comments?post=4588"}],"version-history":[{"count":0,"href":"https:\/\/purepower-egypt.com\/fr\/wp-json\/wp\/v2\/pages\/4588\/revisions"}],"wp:featuredmedia":[{"embeddable":true,"href":"https:\/\/purepower-egypt.com\/fr\/wp-json\/wp\/v2\/media\/4589"}],"wp:attachment":[{"href":"https:\/\/purepower-egypt.com\/fr\/wp-json\/wp\/v2\/media?parent=4588"}],"curies":[{"name":"wp","href":"https:\/\/api.w.org\/{rel}","templated":true}]}}